{"id":490,"date":"2025-10-28T10:57:06","date_gmt":"2025-10-28T10:57:06","guid":{"rendered":"https:\/\/flexirental.pl\/?post_type=product&#038;p=490"},"modified":"2026-03-22T14:25:51","modified_gmt":"2026-03-22T14:25:51","slug":"alyuminievaya-lestnitsa-krause-3-11-rabochaya-vysota-7-3-m","status":"publish","type":"product","link":"https:\/\/flexirental.pl\/ru\/product\/alyuminievaya-lestnitsa-krause-3-11-rabochaya-vysota-7-3-m\/","title":{"rendered":"\u0410\u043b\u044e\u043c\u0438\u043d\u0438\u0435\u0432\u0430\u044f \u043b\u0435\u0441\u0442\u043d\u0438\u0446\u0430 KRAUSE-3\u00d711 \u0440\u0430\u0431\u043e\u0447\u0430\u044f \u0432\u044b\u0441\u043e\u0442\u0430 7,3 \u043c"},"content":{"rendered":"<p>\u041c\u043d\u043e\u0433\u043e\u0444\u0443\u043d\u043a\u0446\u0438\u043e\u043d\u0430\u043b\u044c\u043d\u0430\u044f \u0430\u043b\u044e\u043c\u0438\u043d\u0438\u0435\u0432\u0430\u044f \u043b\u0435\u0441\u0442\u043d\u0438\u0446\u0430 CORDA 3\u00d79 KRAUSE \u2014 \u0430\u0440\u0435\u043d\u0434\u0430 \u0432 \u0412\u0430\u0440\u0448\u0430\u0432\u0435 (Bia\u0142o\u0142\u0119ka)<\/p>\n<p>\u2705 3 \u0441\u0435\u043a\u0446\u0438\u0438 \u043f\u043e 11 \u0441\u0442\u0443\u043f\u0435\u043d\u0435\u0439<br \/>\n\u2705 \u0420\u0430\u0431\u043e\u0447\u0430\u044f \u0432\u044b\u0441\u043e\u0442\u0430 \u2013 7,3 \u043c<br \/>\n\u2705 \u0412\u044b\u0441\u043e\u0442\u0430 \u0432 \u0441\u043b\u043e\u0436\u0435\u043d\u043d\u043e\u043c \u0432\u0438\u0434\u0435 \u2013 3,1 \u043c<br \/>\n\u2705 \u0412\u044b\u0441\u043e\u0442\u0430 \u0432 \u0440\u0430\u0437\u043b\u043e\u0436\u0435\u043d\u043d\u043e\u043c \u0432\u0438\u0434\u0435 \u2013 6,4 \u043c<br \/>\n\u2705 \u0412\u0435\u0441 \u2013 18,0 \u043a\u0433<br \/>\n\u2705 \u0414\u043e\u043f\u0443\u0441\u0442\u0438\u043c\u0430\u044f \u043d\u0430\u0433\u0440\u0443\u0437\u043a\u0430 \u2013 150 \u043a\u0433<br \/>\n\u2705 \u0418\u0437\u0433\u043e\u0442\u043e\u0432\u043b\u0435\u043d\u0430 \u0438\u0437 \u043b\u0451\u0433\u043a\u043e\u0433\u043e \u0430\u043b\u044e\u043c\u0438\u043d\u0438\u044f<br \/>\n\u2705 \u0412\u043e\u0437\u043c\u043e\u0436\u043d\u043e\u0441\u0442\u044c \u0440\u0430\u0431\u043e\u0442\u044b \u0432 \u0440\u0430\u0437\u043d\u044b\u0445 \u043f\u043e\u043b\u043e\u0436\u0435\u043d\u0438\u044f\u0445<br \/>\n\u2705 \u0418\u0434\u0435\u0430\u043b\u044c\u043d\u043e \u043f\u043e\u0434\u0445\u043e\u0434\u0438\u0442 \u0434\u043b\u044f \u0434\u043e\u043c\u0430\u0448\u043d\u0435\u0433\u043e \u0438 \u043f\u0440\u043e\u0444\u0435\u0441\u0441\u0438\u043e\u043d\u0430\u043b\u044c\u043d\u043e\u0433\u043e \u0438\u0441\u043f\u043e\u043b\u044c\u0437\u043e\u0432\u0430\u043d\u0438\u044f<\/p>\n<p>\u041f\u0440\u043e\u0444\u0435\u0441\u0441\u0438\u043e\u043d\u0430\u043b\u044c\u043d\u0430\u044f \u0430\u043b\u044e\u043c\u0438\u043d\u0438\u0435\u0432\u0430\u044f \u043b\u0435\u0441\u0442\u043d\u0438\u0446\u0430 KRAUSE CORDA 3\u00d711 \u2014 \u044d\u0442\u043e \u0443\u043d\u0438\u0432\u0435\u0440\u0441\u0430\u043b\u044c\u043d\u043e\u0435 \u043e\u0431\u043e\u0440\u0443\u0434\u043e\u0432\u0430\u043d\u0438\u0435 \u0434\u043b\u044f \u043b\u044e\u0431\u044b\u0445 \u0434\u043e\u043c\u0430\u0448\u043d\u0438\u0445, \u0441\u0430\u0434\u043e\u0432\u044b\u0445 \u0438 \u0440\u0435\u043c\u043e\u043d\u0442\u043d\u044b\u0445 \u0440\u0430\u0431\u043e\u0442.<\/p>\n<p>\u0421\u043e\u0441\u0442\u043e\u0438\u0442 \u0438\u0437 \u0442\u0440\u0451\u0445 \u0441\u0435\u043a\u0446\u0438\u0439 \u043f\u043e 11 \u0441\u0442\u0443\u043f\u0435\u043d\u0435\u0439 \u043a\u0430\u0436\u0434\u0430\u044f (\u0432\u0441\u0435\u0433\u043e 33 \u0441\u0442\u0443\u043f\u0435\u043d\u0438), \u0431\u043b\u0430\u0433\u043e\u0434\u0430\u0440\u044f \u0447\u0435\u043c\u0443 \u043b\u0435\u0441\u0442\u043d\u0438\u0446\u0443 \u043c\u043e\u0436\u043d\u043e \u0443\u0441\u0442\u0430\u043d\u0430\u0432\u043b\u0438\u0432\u0430\u0442\u044c \u0432 \u0440\u0430\u0437\u043b\u0438\u0447\u043d\u044b\u0445 \u043a\u043e\u043d\u0444\u0438\u0433\u0443\u0440\u0430\u0446\u0438\u044f\u0445:<br \/>\n\u27a1\ufe0f \u043a\u0430\u043a \u043f\u0440\u0438\u0441\u0442\u0430\u0432\u043d\u0443\u044e \u043b\u0435\u0441\u0442\u043d\u0438\u0446\u0443,<br \/>\n\u27a1\ufe0f \u043a\u0430\u043a \u0441\u0442\u0440\u0435\u043c\u044f\u043d\u043a\u0443,<br \/>\n\u27a1\ufe0f \u0438\u043b\u0438 \u043a\u0430\u043a \u0432\u044b\u0434\u0432\u0438\u0436\u043d\u0443\u044e \u0442\u0440\u0451\u0445\u0441\u0435\u043a\u0446\u0438\u043e\u043d\u043d\u0443\u044e \u043a\u043e\u043d\u0441\u0442\u0440\u0443\u043a\u0446\u0438\u044e.<\/p>\n<p>\u041f\u0440\u043e\u0447\u043d\u0430\u044f \u0438 \u043b\u0451\u0433\u043a\u0430\u044f \u0430\u043b\u044e\u043c\u0438\u043d\u0438\u0435\u0432\u0430\u044f \u043a\u043e\u043d\u0441\u0442\u0440\u0443\u043a\u0446\u0438\u044f \u043e\u0431\u0435\u0441\u043f\u0435\u0447\u0438\u0432\u0430\u0435\u0442 \u0441\u0442\u0430\u0431\u0438\u043b\u044c\u043d\u043e\u0441\u0442\u044c, \u0431\u0435\u0437\u043e\u043f\u0430\u0441\u043d\u043e\u0441\u0442\u044c \u0438 \u0443\u0434\u043e\u0431\u0441\u0442\u0432\u043e \u0442\u0440\u0430\u043d\u0441\u043f\u043e\u0440\u0442\u0438\u0440\u043e\u0432\u043a\u0438, \u0430 \u043f\u0440\u043e\u0442\u0438\u0432\u043e\u0441\u043a\u043e\u043b\u044c\u0437\u044f\u0449\u0438\u0435 \u043d\u0430\u043a\u043e\u043d\u0435\u0447\u043d\u0438\u043a\u0438 \u0433\u0430\u0440\u0430\u043d\u0442\u0438\u0440\u0443\u044e\u0442 \u043d\u0430\u0434\u0451\u0436\u043d\u0443\u044e \u043e\u043f\u043e\u0440\u0443 \u043d\u0430 \u043b\u044e\u0431\u043e\u0439 \u043f\u043e\u0432\u0435\u0440\u0445\u043d\u043e\u0441\u0442\u0438.<\/p>\n<p>\u042d\u0442\u043e \u0438\u0434\u0435\u0430\u043b\u044c\u043d\u044b\u0439 \u0432\u044b\u0431\u043e\u0440 \u043a\u0430\u043a \u0434\u043b\u044f \u0434\u043e\u043c\u0430\u0448\u043d\u0438\u0445 \u043c\u0430\u0441\u0442\u0435\u0440\u043e\u0432, \u0442\u0430\u043a \u0438 \u0434\u043b\u044f \u043f\u0440\u043e\u0444\u0435\u0441\u0441\u0438\u043e\u043d\u0430\u043b\u043e\u0432.<\/p>\n<p>\u041d\u0435 \u043f\u043e\u043a\u0443\u043f\u0430\u0439\u0442\u0435 \u0438\u043d\u0441\u0442\u0440\u0443\u043c\u0435\u043d\u0442 \u0434\u043b\u044f \u0440\u0430\u0437\u043e\u0432\u043e\u0433\u043e \u0438\u0441\u043f\u043e\u043b\u044c\u0437\u043e\u0432\u0430\u043d\u0438\u044f \u2014 \u0432\u043e\u0437\u044c\u043c\u0438\u0442\u0435 \u043b\u0435\u0441\u0442\u043d\u0438\u0446\u0443 KRAUSE \u0432 \u0430\u0440\u0435\u043d\u0434\u0443 \u0432 \u0412\u0430\u0440\u0448\u0430\u0432\u0435 (Bia\u0142o\u0142\u0119ka) \u0438 \u0432\u044b\u043f\u043e\u043b\u043d\u044f\u0439\u0442\u0435 \u043b\u044e\u0431\u0443\u044e \u0440\u0430\u0431\u043e\u0442\u0443 \u0443\u0434\u043e\u0431\u043d\u043e \u0438 \u0431\u0435\u0437\u043e\u043f\u0430\u0441\u043d\u043e!<\/p>\n","protected":false},"excerpt":{"rendered":"<p>\u041c\u043d\u043e\u0433\u043e\u0444\u0443\u043d\u043a\u0446\u0438\u043e\u043d\u0430\u043b\u044c\u043d\u0430\u044f \u0430\u043b\u044e\u043c\u0438\u043d\u0438\u0435\u0432\u0430\u044f \u043b\u0435\u0441\u0442\u043d\u0438\u0446\u0430 CORDA 3\u00d79 KRAUSE \u2014 \u0430\u0440\u0435\u043d\u0434\u0430 \u0432 \u0412\u0430\u0440\u0448\u0430\u0432\u0435 (Bia\u0142o\u0142\u0119ka) \u2705 3 \u0441\u0435\u043a\u0446\u0438\u0438 \u043f\u043e 11 \u0441\u0442\u0443\u043f\u0435\u043d\u0435\u0439 \u2705 \u0420\u0430\u0431\u043e\u0447\u0430\u044f \u0432\u044b\u0441\u043e\u0442\u0430 \u2013 7,3 \u043c \u2705 \u0412\u044b\u0441\u043e\u0442\u0430 \u0432 \u0441\u043b\u043e\u0436\u0435\u043d\u043d\u043e\u043c \u0432\u0438\u0434\u0435 \u2013 3,1 \u043c \u2705 \u0412\u044b\u0441\u043e\u0442\u0430 \u0432 \u0440\u0430\u0437\u043b\u043e\u0436\u0435\u043d\u043d\u043e\u043c \u0432\u0438\u0434\u0435 \u2013 6,4 \u043c \u2705 \u0412\u0435\u0441 \u2013 18,0 \u043a\u0433 \u2705 \u0414\u043e\u043f\u0443\u0441\u0442\u0438\u043c\u0430\u044f \u043d\u0430\u0433\u0440\u0443\u0437\u043a\u0430 \u2013 150 \u043a\u0433 \u2705 \u0418\u0437\u0433\u043e\u0442\u043e\u0432\u043b\u0435\u043d\u0430 \u0438\u0437 \u043b\u0451\u0433\u043a\u043e\u0433\u043e \u0430\u043b\u044e\u043c\u0438\u043d\u0438\u044f [&#8230;]\n","protected":false},"featured_media":498,"comment_status":"open","ping_status":"closed","template":"","meta":[],"product_brand":[81],"product_cat":[80],"product_tag":[83],"class_list":{"0":"post-490","1":"product","2":"type-product","3":"status-publish","4":"has-post-thumbnail","6":"product_brand-krause","7":"product_cat-lestnitsy-alyuminievye","8":"product_tag-lestnitsa","9":"product_shipping_class-gabarit","10":"yith_booking_service-oplachivayu-vmeste-s-zakazom-100-00-zl","12":"first","13":"instock","14":"sold-individually","15":"taxable","16":"shipping-taxable","17":"purchasable","18":"product-type-booking","19":"add-to-wishlist-before_image"},"yoast_head":"<!-- This site is optimized with the Yoast SEO Premium plugin v26.2 (Yoast SEO v26.9) - https:\/\/yoast.com\/product\/yoast-seo-premium-wordpress\/ -->\n<title>\u0410\u043b\u044e\u043c\u0438\u043d\u0438\u0435\u0432\u0430\u044f \u043b\u0435\u0441\u0442\u043d\u0438\u0446\u0430 KRAUSE 3\u00d711 - 7,3 \u043c \u0410\u0440\u0435\u043d\u0434\u0430 \u0412\u0430\u0440\u0448\u0430\u0432\u0430 - FLEXIRENTAL.PL<\/title>\n<meta name=\"description\" content=\"\u0410\u0440\u0435\u043d\u0434\u0430 \u0430\u043b\u044e\u043c\u0438\u043d\u0438\u0435\u0432\u043e\u0439 \u043b\u0435\u0441\u0442\u043d\u0438\u0446\u044b KRAUSE 3\u00d711 \u0432 \u0412\u0430\u0440\u0448\u0430\u0432\u0435. \u041b\u0435\u0441\u0442\u043d\u0438\u0446\u0430 \u0440\u0430\u0431\u043e\u0447\u0430\u044f \u0432\u044b\u0441\u043e\u0442\u0430 7,3 \u043c \u0432 \u0430\u0440\u0435\u043d\u0434\u0443 \u0432 \u0412\u0430\u0440\u0448\u0430\u0432\u0435 (Bia\u0142o\u0142\u0119ka) \u0438 \u0432\u044b\u043f\u043e\u043b\u043d\u044f\u0439\u0442\u0435 \u043b\u044e\u0431\u044b\u0435 \u0440\u0430\u0431\u043e\u0442\u044b \u0443\u0434\u043e\u0431\u043d\u043e \u0438 \u0431\u0435\u0437\u043e\u043f\u0430\u0441\u043d\u043e\" \/>\n<meta name=\"robots\" content=\"index, follow, max-snippet:-1, max-image-preview:large, max-video-preview:-1\" \/>\n<link rel=\"canonical\" href=\"https:\/\/flexirental.pl\/ru\/product\/alyuminievaya-lestnitsa-krause-3-11-rabochaya-vysota-7-3-m\/\" \/>\n<meta property=\"og:locale\" content=\"ru_RU\" \/>\n<meta property=\"og:type\" content=\"article\" \/>\n<meta property=\"og:title\" content=\"\u0410\u043b\u044e\u043c\u0438\u043d\u0438\u0435\u0432\u0430\u044f \u043b\u0435\u0441\u0442\u043d\u0438\u0446\u0430 KRAUSE-3\u00d711 \u0440\u0430\u0431\u043e\u0447\u0430\u044f \u0432\u044b\u0441\u043e\u0442\u0430 7,3 \u043c\" \/>\n<meta property=\"og:description\" content=\"\u0410\u0440\u0435\u043d\u0434\u0430 \u0430\u043b\u044e\u043c\u0438\u043d\u0438\u0435\u0432\u043e\u0439 \u043b\u0435\u0441\u0442\u043d\u0438\u0446\u044b KRAUSE 3\u00d711 \u0432 \u0412\u0430\u0440\u0448\u0430\u0432\u0435. \u041b\u0435\u0441\u0442\u043d\u0438\u0446\u0430 \u0440\u0430\u0431\u043e\u0447\u0430\u044f \u0432\u044b\u0441\u043e\u0442\u0430 7,3 \u043c \u0432 \u0430\u0440\u0435\u043d\u0434\u0443 \u0432 \u0412\u0430\u0440\u0448\u0430\u0432\u0435 (Bia\u0142o\u0142\u0119ka) \u0438 \u0432\u044b\u043f\u043e\u043b\u043d\u044f\u0439\u0442\u0435 \u043b\u044e\u0431\u044b\u0435 \u0440\u0430\u0431\u043e\u0442\u044b \u0443\u0434\u043e\u0431\u043d\u043e \u0438 \u0431\u0435\u0437\u043e\u043f\u0430\u0441\u043d\u043e\" \/>\n<meta property=\"og:url\" content=\"https:\/\/flexirental.pl\/ru\/product\/alyuminievaya-lestnitsa-krause-3-11-rabochaya-vysota-7-3-m\/\" \/>\n<meta property=\"og:site_name\" content=\"FLEXIRENTAL.PL\" \/>\n<meta property=\"article:modified_time\" content=\"2026-03-22T14:25:51+00:00\" \/>\n<meta property=\"og:image\" content=\"https:\/\/flexirental.pl\/wp-content\/uploads\/2025\/10\/pol_pl_Drabina-wielofunkcyjna-3x11-CORDA-030429-KRAUSE-18360_1.jpg\" \/>\n\t<meta property=\"og:image:width\" content=\"650\" \/>\n\t<meta property=\"og:image:height\" content=\"650\" \/>\n\t<meta property=\"og:image:type\" content=\"image\/jpeg\" \/>\n<meta name=\"twitter:card\" content=\"summary_large_image\" \/>\n<meta name=\"twitter:label1\" content=\"\u0426\u0435\u043d\u0430\" \/>\n\t<meta name=\"twitter:data1\" content=\"155,00&nbsp;&#122;&#322;126,02&nbsp;&#122;&#322;\" \/>\n\t<meta name=\"twitter:label2\" content=\"\u0414\u043e\u0441\u0442\u0443\u043f\u043d\u043e\u0441\u0442\u044c\" \/>\n\t<meta name=\"twitter:data2\" content=\"\u0412 \u043d\u0430\u043b\u0438\u0447\u0438\u0438\" \/>\n<script type=\"application\/ld+json\" class=\"yoast-schema-graph\">{\"@context\":\"https:\/\/schema.org\",\"@graph\":[{\"@type\":\"WebPage\",\"@id\":\"https:\/\/flexirental.pl\/ru\/product\/alyuminievaya-lestnitsa-krause-3-11-rabochaya-vysota-7-3-m\/\",\"url\":\"https:\/\/flexirental.pl\/ru\/product\/alyuminievaya-lestnitsa-krause-3-11-rabochaya-vysota-7-3-m\/\",\"name\":\"\u0410\u043b\u044e\u043c\u0438\u043d\u0438\u0435\u0432\u0430\u044f \u043b\u0435\u0441\u0442\u043d\u0438\u0446\u0430 KRAUSE 3\u00d711 - 7,3 \u043c \u0410\u0440\u0435\u043d\u0434\u0430 \u0412\u0430\u0440\u0448\u0430\u0432\u0430 - FLEXIRENTAL.PL\",\"isPartOf\":{\"@id\":\"https:\/\/flexirental.pl\/#website\"},\"primaryImageOfPage\":{\"@id\":\"https:\/\/flexirental.pl\/ru\/product\/alyuminievaya-lestnitsa-krause-3-11-rabochaya-vysota-7-3-m\/#primaryimage\"},\"image\":{\"@id\":\"https:\/\/flexirental.pl\/ru\/product\/alyuminievaya-lestnitsa-krause-3-11-rabochaya-vysota-7-3-m\/#primaryimage\"},\"thumbnailUrl\":\"https:\/\/flexirental.pl\/wp-content\/uploads\/2025\/10\/pol_pl_Drabina-wielofunkcyjna-3x11-CORDA-030429-KRAUSE-18360_1.jpg\",\"datePublished\":\"2025-10-28T10:57:06+00:00\",\"dateModified\":\"2026-03-22T14:25:51+00:00\",\"description\":\"\u0410\u0440\u0435\u043d\u0434\u0430 \u0430\u043b\u044e\u043c\u0438\u043d\u0438\u0435\u0432\u043e\u0439 \u043b\u0435\u0441\u0442\u043d\u0438\u0446\u044b KRAUSE 3\u00d711 \u0432 \u0412\u0430\u0440\u0448\u0430\u0432\u0435. \u041b\u0435\u0441\u0442\u043d\u0438\u0446\u0430 \u0440\u0430\u0431\u043e\u0447\u0430\u044f \u0432\u044b\u0441\u043e\u0442\u0430 7,3 \u043c \u0432 \u0430\u0440\u0435\u043d\u0434\u0443 \u0432 \u0412\u0430\u0440\u0448\u0430\u0432\u0435 (Bia\u0142o\u0142\u0119ka) \u0438 \u0432\u044b\u043f\u043e\u043b\u043d\u044f\u0439\u0442\u0435 \u043b\u044e\u0431\u044b\u0435 \u0440\u0430\u0431\u043e\u0442\u044b \u0443\u0434\u043e\u0431\u043d\u043e \u0438 \u0431\u0435\u0437\u043e\u043f\u0430\u0441\u043d\u043e\",\"breadcrumb\":{\"@id\":\"https:\/\/flexirental.pl\/ru\/product\/alyuminievaya-lestnitsa-krause-3-11-rabochaya-vysota-7-3-m\/#breadcrumb\"},\"inLanguage\":\"ru-RU\",\"potentialAction\":[{\"@type\":\"ReadAction\",\"target\":[\"https:\/\/flexirental.pl\/ru\/product\/alyuminievaya-lestnitsa-krause-3-11-rabochaya-vysota-7-3-m\/\"]}]},{\"@type\":\"ImageObject\",\"inLanguage\":\"ru-RU\",\"@id\":\"https:\/\/flexirental.pl\/ru\/product\/alyuminievaya-lestnitsa-krause-3-11-rabochaya-vysota-7-3-m\/#primaryimage\",\"url\":\"https:\/\/flexirental.pl\/wp-content\/uploads\/2025\/10\/pol_pl_Drabina-wielofunkcyjna-3x11-CORDA-030429-KRAUSE-18360_1.jpg\",\"contentUrl\":\"https:\/\/flexirental.pl\/wp-content\/uploads\/2025\/10\/pol_pl_Drabina-wielofunkcyjna-3x11-CORDA-030429-KRAUSE-18360_1.jpg\",\"width\":650,\"height\":650,\"caption\":\"Wynajem drabiny aluminiowej KRAUSE CORDA 3\u00d711 \u2013 Warszawa Bia\u0142o\u0142\u0119ka\"},{\"@type\":\"BreadcrumbList\",\"@id\":\"https:\/\/flexirental.pl\/ru\/product\/alyuminievaya-lestnitsa-krause-3-11-rabochaya-vysota-7-3-m\/#breadcrumb\",\"itemListElement\":[{\"@type\":\"ListItem\",\"position\":1,\"name\":\"Strona g\u0142\u00f3wna\",\"item\":\"https:\/\/flexirental.pl\/ru\/\"},{\"@type\":\"ListItem\",\"position\":2,\"name\":\"\u041c\u0430\u0433\u0430\u0437\u0438\u043d\",\"item\":\"https:\/\/flexirental.pl\/ru\/\"},{\"@type\":\"ListItem\",\"position\":3,\"name\":\"\u0410\u043b\u044e\u043c\u0438\u043d\u0438\u0435\u0432\u0430\u044f \u043b\u0435\u0441\u0442\u043d\u0438\u0446\u0430 KRAUSE-3\u00d711 \u0440\u0430\u0431\u043e\u0447\u0430\u044f \u0432\u044b\u0441\u043e\u0442\u0430 7,3 \u043c\"}]},{\"@type\":\"WebSite\",\"@id\":\"https:\/\/flexirental.pl\/#website\",\"url\":\"https:\/\/flexirental.pl\/\",\"name\":\"FLEXIRENTAL.PL\",\"description\":\"FlexiRental \u2013 \u043e\u0431\u043e\u0440\u0443\u0434\u043e\u0432\u0430\u043d\u0438\u0435, \u043a\u043e\u0442\u043e\u0440\u043e\u0435 \u0440\u0430\u0431\u043e\u0442\u0430\u0435\u0442 \u0434\u043b\u044f \u0442\u0435\u0431\u044f\",\"potentialAction\":[{\"@type\":\"SearchAction\",\"target\":{\"@type\":\"EntryPoint\",\"urlTemplate\":\"https:\/\/flexirental.pl\/?s={search_term_string}\"},\"query-input\":{\"@type\":\"PropertyValueSpecification\",\"valueRequired\":true,\"valueName\":\"search_term_string\"}}],\"inLanguage\":\"ru-RU\"}]}<\/script>\n<meta property=\"product:price:amount\" content=\"155.00\" \/>\n<meta property=\"product:price:currency\" content=\"PLN\" \/>\n<meta property=\"og:availability\" content=\"instock\" \/>\n<meta property=\"product:availability\" content=\"instock\" \/>\n<meta property=\"product:condition\" content=\"new\" \/>\n<!-- \/ Yoast SEO Premium plugin. -->","yoast_head_json":{"title":"\u0410\u043b\u044e\u043c\u0438\u043d\u0438\u0435\u0432\u0430\u044f \u043b\u0435\u0441\u0442\u043d\u0438\u0446\u0430 KRAUSE 3\u00d711 - 7,3 \u043c \u0410\u0440\u0435\u043d\u0434\u0430 \u0412\u0430\u0440\u0448\u0430\u0432\u0430 - FLEXIRENTAL.PL","description":"\u0410\u0440\u0435\u043d\u0434\u0430 \u0430\u043b\u044e\u043c\u0438\u043d\u0438\u0435\u0432\u043e\u0439 \u043b\u0435\u0441\u0442\u043d\u0438\u0446\u044b KRAUSE 3\u00d711 \u0432 \u0412\u0430\u0440\u0448\u0430\u0432\u0435. \u041b\u0435\u0441\u0442\u043d\u0438\u0446\u0430 \u0440\u0430\u0431\u043e\u0447\u0430\u044f \u0432\u044b\u0441\u043e\u0442\u0430 7,3 \u043c \u0432 \u0430\u0440\u0435\u043d\u0434\u0443 \u0432 \u0412\u0430\u0440\u0448\u0430\u0432\u0435 (Bia\u0142o\u0142\u0119ka) \u0438 \u0432\u044b\u043f\u043e\u043b\u043d\u044f\u0439\u0442\u0435 \u043b\u044e\u0431\u044b\u0435 \u0440\u0430\u0431\u043e\u0442\u044b \u0443\u0434\u043e\u0431\u043d\u043e \u0438 \u0431\u0435\u0437\u043e\u043f\u0430\u0441\u043d\u043e","robots":{"index":"index","follow":"follow","max-snippet":"max-snippet:-1","max-image-preview":"max-image-preview:large","max-video-preview":"max-video-preview:-1"},"canonical":"https:\/\/flexirental.pl\/ru\/product\/alyuminievaya-lestnitsa-krause-3-11-rabochaya-vysota-7-3-m\/","og_locale":"ru_RU","og_type":"article","og_title":"\u0410\u043b\u044e\u043c\u0438\u043d\u0438\u0435\u0432\u0430\u044f \u043b\u0435\u0441\u0442\u043d\u0438\u0446\u0430 KRAUSE-3\u00d711 \u0440\u0430\u0431\u043e\u0447\u0430\u044f \u0432\u044b\u0441\u043e\u0442\u0430 7,3 \u043c","og_description":"\u0410\u0440\u0435\u043d\u0434\u0430 \u0430\u043b\u044e\u043c\u0438\u043d\u0438\u0435\u0432\u043e\u0439 \u043b\u0435\u0441\u0442\u043d\u0438\u0446\u044b KRAUSE 3\u00d711 \u0432 \u0412\u0430\u0440\u0448\u0430\u0432\u0435. \u041b\u0435\u0441\u0442\u043d\u0438\u0446\u0430 \u0440\u0430\u0431\u043e\u0447\u0430\u044f \u0432\u044b\u0441\u043e\u0442\u0430 7,3 \u043c \u0432 \u0430\u0440\u0435\u043d\u0434\u0443 \u0432 \u0412\u0430\u0440\u0448\u0430\u0432\u0435 (Bia\u0142o\u0142\u0119ka) \u0438 \u0432\u044b\u043f\u043e\u043b\u043d\u044f\u0439\u0442\u0435 \u043b\u044e\u0431\u044b\u0435 \u0440\u0430\u0431\u043e\u0442\u044b \u0443\u0434\u043e\u0431\u043d\u043e \u0438 \u0431\u0435\u0437\u043e\u043f\u0430\u0441\u043d\u043e","og_url":"https:\/\/flexirental.pl\/ru\/product\/alyuminievaya-lestnitsa-krause-3-11-rabochaya-vysota-7-3-m\/","og_site_name":"FLEXIRENTAL.PL","article_modified_time":"2026-03-22T14:25:51+00:00","og_image":[{"width":650,"height":650,"url":"https:\/\/flexirental.pl\/wp-content\/uploads\/2025\/10\/pol_pl_Drabina-wielofunkcyjna-3x11-CORDA-030429-KRAUSE-18360_1.jpg","type":"image\/jpeg"}],"twitter_card":"summary_large_image","twitter_misc":{"\u0426\u0435\u043d\u0430":"155,00&nbsp;&#122;&#322;126,02&nbsp;&#122;&#322;","\u0414\u043e\u0441\u0442\u0443\u043f\u043d\u043e\u0441\u0442\u044c":"\u0412 \u043d\u0430\u043b\u0438\u0447\u0438\u0438"},"schema":{"@context":"https:\/\/schema.org","@graph":[{"@type":"WebPage","@id":"https:\/\/flexirental.pl\/ru\/product\/alyuminievaya-lestnitsa-krause-3-11-rabochaya-vysota-7-3-m\/","url":"https:\/\/flexirental.pl\/ru\/product\/alyuminievaya-lestnitsa-krause-3-11-rabochaya-vysota-7-3-m\/","name":"\u0410\u043b\u044e\u043c\u0438\u043d\u0438\u0435\u0432\u0430\u044f \u043b\u0435\u0441\u0442\u043d\u0438\u0446\u0430 KRAUSE 3\u00d711 - 7,3 \u043c \u0410\u0440\u0435\u043d\u0434\u0430 \u0412\u0430\u0440\u0448\u0430\u0432\u0430 - FLEXIRENTAL.PL","isPartOf":{"@id":"https:\/\/flexirental.pl\/#website"},"primaryImageOfPage":{"@id":"https:\/\/flexirental.pl\/ru\/product\/alyuminievaya-lestnitsa-krause-3-11-rabochaya-vysota-7-3-m\/#primaryimage"},"image":{"@id":"https:\/\/flexirental.pl\/ru\/product\/alyuminievaya-lestnitsa-krause-3-11-rabochaya-vysota-7-3-m\/#primaryimage"},"thumbnailUrl":"https:\/\/flexirental.pl\/wp-content\/uploads\/2025\/10\/pol_pl_Drabina-wielofunkcyjna-3x11-CORDA-030429-KRAUSE-18360_1.jpg","datePublished":"2025-10-28T10:57:06+00:00","dateModified":"2026-03-22T14:25:51+00:00","description":"\u0410\u0440\u0435\u043d\u0434\u0430 \u0430\u043b\u044e\u043c\u0438\u043d\u0438\u0435\u0432\u043e\u0439 \u043b\u0435\u0441\u0442\u043d\u0438\u0446\u044b KRAUSE 3\u00d711 \u0432 \u0412\u0430\u0440\u0448\u0430\u0432\u0435. \u041b\u0435\u0441\u0442\u043d\u0438\u0446\u0430 \u0440\u0430\u0431\u043e\u0447\u0430\u044f \u0432\u044b\u0441\u043e\u0442\u0430 7,3 \u043c \u0432 \u0430\u0440\u0435\u043d\u0434\u0443 \u0432 \u0412\u0430\u0440\u0448\u0430\u0432\u0435 (Bia\u0142o\u0142\u0119ka) \u0438 \u0432\u044b\u043f\u043e\u043b\u043d\u044f\u0439\u0442\u0435 \u043b\u044e\u0431\u044b\u0435 \u0440\u0430\u0431\u043e\u0442\u044b \u0443\u0434\u043e\u0431\u043d\u043e \u0438 \u0431\u0435\u0437\u043e\u043f\u0430\u0441\u043d\u043e","breadcrumb":{"@id":"https:\/\/flexirental.pl\/ru\/product\/alyuminievaya-lestnitsa-krause-3-11-rabochaya-vysota-7-3-m\/#breadcrumb"},"inLanguage":"ru-RU","potentialAction":[{"@type":"ReadAction","target":["https:\/\/flexirental.pl\/ru\/product\/alyuminievaya-lestnitsa-krause-3-11-rabochaya-vysota-7-3-m\/"]}]},{"@type":"ImageObject","inLanguage":"ru-RU","@id":"https:\/\/flexirental.pl\/ru\/product\/alyuminievaya-lestnitsa-krause-3-11-rabochaya-vysota-7-3-m\/#primaryimage","url":"https:\/\/flexirental.pl\/wp-content\/uploads\/2025\/10\/pol_pl_Drabina-wielofunkcyjna-3x11-CORDA-030429-KRAUSE-18360_1.jpg","contentUrl":"https:\/\/flexirental.pl\/wp-content\/uploads\/2025\/10\/pol_pl_Drabina-wielofunkcyjna-3x11-CORDA-030429-KRAUSE-18360_1.jpg","width":650,"height":650,"caption":"Wynajem drabiny aluminiowej KRAUSE CORDA 3\u00d711 \u2013 Warszawa Bia\u0142o\u0142\u0119ka"},{"@type":"BreadcrumbList","@id":"https:\/\/flexirental.pl\/ru\/product\/alyuminievaya-lestnitsa-krause-3-11-rabochaya-vysota-7-3-m\/#breadcrumb","itemListElement":[{"@type":"ListItem","position":1,"name":"Strona g\u0142\u00f3wna","item":"https:\/\/flexirental.pl\/ru\/"},{"@type":"ListItem","position":2,"name":"\u041c\u0430\u0433\u0430\u0437\u0438\u043d","item":"https:\/\/flexirental.pl\/ru\/"},{"@type":"ListItem","position":3,"name":"\u0410\u043b\u044e\u043c\u0438\u043d\u0438\u0435\u0432\u0430\u044f \u043b\u0435\u0441\u0442\u043d\u0438\u0446\u0430 KRAUSE-3\u00d711 \u0440\u0430\u0431\u043e\u0447\u0430\u044f \u0432\u044b\u0441\u043e\u0442\u0430 7,3 \u043c"}]},{"@type":"WebSite","@id":"https:\/\/flexirental.pl\/#website","url":"https:\/\/flexirental.pl\/","name":"FLEXIRENTAL.PL","description":"FlexiRental \u2013 \u043e\u0431\u043e\u0440\u0443\u0434\u043e\u0432\u0430\u043d\u0438\u0435, \u043a\u043e\u0442\u043e\u0440\u043e\u0435 \u0440\u0430\u0431\u043e\u0442\u0430\u0435\u0442 \u0434\u043b\u044f \u0442\u0435\u0431\u044f","potentialAction":[{"@type":"SearchAction","target":{"@type":"EntryPoint","urlTemplate":"https:\/\/flexirental.pl\/?s={search_term_string}"},"query-input":{"@type":"PropertyValueSpecification","valueRequired":true,"valueName":"search_term_string"}}],"inLanguage":"ru-RU"}]},"product_price_amount":"155.00","product_price_currency":"PLN","og_availability":"instock","product_availability":"instock","product_condition":"new"},"_links":{"self":[{"href":"https:\/\/flexirental.pl\/ru\/wp-json\/wp\/v2\/product\/490","targetHints":{"allow":["GET"]}}],"collection":[{"href":"https:\/\/flexirental.pl\/ru\/wp-json\/wp\/v2\/product"}],"about":[{"href":"https:\/\/flexirental.pl\/ru\/wp-json\/wp\/v2\/types\/product"}],"replies":[{"embeddable":true,"href":"https:\/\/flexirental.pl\/ru\/wp-json\/wp\/v2\/comments?post=490"}],"wp:featuredmedia":[{"embeddable":true,"href":"https:\/\/flexirental.pl\/ru\/wp-json\/wp\/v2\/media\/498"}],"wp:attachment":[{"href":"https:\/\/flexirental.pl\/ru\/wp-json\/wp\/v2\/media?parent=490"}],"wp:term":[{"taxonomy":"product_brand","embeddable":true,"href":"https:\/\/flexirental.pl\/ru\/wp-json\/wp\/v2\/product_brand?post=490"},{"taxonomy":"product_cat","embeddable":true,"href":"https:\/\/flexirental.pl\/ru\/wp-json\/wp\/v2\/product_cat?post=490"},{"taxonomy":"product_tag","embeddable":true,"href":"https:\/\/flexirental.pl\/ru\/wp-json\/wp\/v2\/product_tag?post=490"}],"curies":[{"name":"wp","href":"https:\/\/api.w.org\/{rel}","templated":true}]}}