{"id":531,"date":"2025-10-30T10:41:51","date_gmt":"2025-10-30T10:41:51","guid":{"rendered":"https:\/\/flexirental.pl\/?post_type=product&#038;p=531"},"modified":"2026-02-20T13:38:16","modified_gmt":"2026-02-20T13:38:16","slug":"stremyanka-krause-solidy-1x6","status":"publish","type":"product","link":"https:\/\/flexirental.pl\/ru\/product\/stremyanka-krause-solidy-1x6\/","title":{"rendered":"\u0421\u0442\u0440\u0435\u043c\u044f\u043d\u043a\u0430 Krause Solidy-1&#215;6"},"content":{"rendered":"<p>\u0410\u0440\u0435\u043d\u0434\u0430 \u0441\u0442\u0440\u0435\u043c\u044f\u043d\u043a\u0438 Krause Solidy 1&#215;6 \u2013 \u0412\u0430\u0440\u0448\u0430\u0432\u0430 Tarchomin \/ Bia\u0142o\u0142\u0119ka<\/p>\n<p>\u2705 \u0422\u0438\u043f: \u0441\u0442\u0440\u0435\u043c\u044f\u043d\u043a\u0430, \u0441\u0432\u043e\u0431\u043e\u0434\u043d\u043e\u0441\u0442\u043e\u044f\u0449\u0430\u044f<br \/>\n\u2705 \u041c\u043e\u0434\u0435\u043b\u044c: Krause Solidy<br \/>\n\u2705 \u0421\u0442\u0443\u043f\u0435\u043d\u0438: 1&#215;6<br \/>\n\u2705 \u0420\u0430\u0431\u043e\u0447\u0430\u044f \u0432\u044b\u0441\u043e\u0442\u0430: \u0434\u043e ~3,30 \u043c<br \/>\n\u2705 \u041f\u0440\u043e\u0442\u0438\u0432\u043e\u0441\u043a\u043e\u043b\u044c\u0437\u044f\u0449\u0438\u0435 \u0441\u0442\u0443\u043f\u0435\u043d\u0438 \u0438 \u043d\u043e\u0436\u043a\u0438<br \/>\n\u2705 \u041d\u0430\u0434\u0451\u0436\u043d\u0430\u044f \u0438 \u0443\u0434\u043e\u0431\u043d\u0430\u044f \u0432 \u0438\u0441\u043f\u043e\u043b\u044c\u0437\u043e\u0432\u0430\u043d\u0438\u0438<\/p>\n<p>\u0421\u0442\u0440\u0435\u043c\u044f\u043d\u043a\u0430 Krause Solidy 1&#215;6 \u2014 \u044d\u0442\u043e \u043f\u0440\u043e\u0447\u043d\u0430\u044f \u0438 \u0443\u0441\u0442\u043e\u0439\u0447\u0438\u0432\u0430\u044f \u043b\u0435\u0441\u0442\u043d\u0438\u0446\u0430 \u0434\u043b\u044f \u0431\u044b\u0442\u043e\u0432\u044b\u0445, \u043c\u043e\u043d\u0442\u0430\u0436\u043d\u044b\u0445 \u0438 \u0440\u0435\u043c\u043e\u043d\u0442\u043d\u044b\u0445 \u0440\u0430\u0431\u043e\u0442. \u0420\u0430\u0431\u043e\u0447\u0430\u044f \u0432\u044b\u0441\u043e\u0442\u0430 \u0434\u043e 3,30 \u043c \u043f\u043e\u0437\u0432\u043e\u043b\u044f\u0435\u0442 \u0431\u0435\u0437\u043e\u043f\u0430\u0441\u043d\u043e \u0432\u044b\u043f\u043e\u043b\u043d\u044f\u0442\u044c \u0437\u0430\u0434\u0430\u0447\u0438 \u043d\u0430 \u0432\u044b\u0441\u043e\u0442\u0435: \u043f\u043e\u043a\u0440\u0430\u0441\u043a\u0430 \u0441\u0442\u0435\u043d, \u043c\u043e\u043d\u0442\u0430\u0436 \u043e\u0441\u0432\u0435\u0449\u0435\u043d\u0438\u044f, \u0440\u0430\u0431\u043e\u0442\u0430 \u0432 \u0441\u0430\u0434\u0443 \u0438 \u043d\u0430 \u0444\u0430\u0441\u0430\u0434\u0435.<\/p>\n<p>\u041c\u044b \u043d\u0430\u0445\u043e\u0434\u0438\u043c\u0441\u044f \u0432 \u0412\u0430\u0440\u0448\u0430\u0432\u0435 \u2013 \u0440\u0430\u0439\u043e\u043d Tarchomin \/ Bia\u0142o\u0142\u0119ka. \u0412\u043e\u0437\u043c\u043e\u0436\u0435\u043d \u0441\u0430\u043c\u043e\u0432\u044b\u0432\u043e\u0437 \u0438\u043b\u0438 \u0434\u043e\u0441\u0442\u0430\u0432\u043a\u0430 \u043d\u0430 \u043e\u0431\u044a\u0435\u043a\u0442.<\/p>\n","protected":false},"excerpt":{"rendered":"<p>\u0410\u0440\u0435\u043d\u0434\u0430 \u0441\u0442\u0440\u0435\u043c\u044f\u043d\u043a\u0438 Krause Solidy 1&#215;6 \u2013 \u0412\u0430\u0440\u0448\u0430\u0432\u0430 Tarchomin \/ Bia\u0142o\u0142\u0119ka \u2705 \u0422\u0438\u043f: \u0441\u0442\u0440\u0435\u043c\u044f\u043d\u043a\u0430, \u0441\u0432\u043e\u0431\u043e\u0434\u043d\u043e\u0441\u0442\u043e\u044f\u0449\u0430\u044f \u2705 \u041c\u043e\u0434\u0435\u043b\u044c: Krause Solidy \u2705 \u0421\u0442\u0443\u043f\u0435\u043d\u0438: 1&#215;6 \u2705 \u0420\u0430\u0431\u043e\u0447\u0430\u044f \u0432\u044b\u0441\u043e\u0442\u0430: \u0434\u043e ~3,30 \u043c \u2705 \u041f\u0440\u043e\u0442\u0438\u0432\u043e\u0441\u043a\u043e\u043b\u044c\u0437\u044f\u0449\u0438\u0435 \u0441\u0442\u0443\u043f\u0435\u043d\u0438 \u0438 \u043d\u043e\u0436\u043a\u0438 \u2705 \u041d\u0430\u0434\u0451\u0436\u043d\u0430\u044f \u0438 \u0443\u0434\u043e\u0431\u043d\u0430\u044f \u0432 \u0438\u0441\u043f\u043e\u043b\u044c\u0437\u043e\u0432\u0430\u043d\u0438\u0438 \u0421\u0442\u0440\u0435\u043c\u044f\u043d\u043a\u0430 Krause Solidy 1&#215;6 \u2014 \u044d\u0442\u043e \u043f\u0440\u043e\u0447\u043d\u0430\u044f \u0438 \u0443\u0441\u0442\u043e\u0439\u0447\u0438\u0432\u0430\u044f \u043b\u0435\u0441\u0442\u043d\u0438\u0446\u0430 \u0434\u043b\u044f \u0431\u044b\u0442\u043e\u0432\u044b\u0445, \u043c\u043e\u043d\u0442\u0430\u0436\u043d\u044b\u0445 \u0438 \u0440\u0435\u043c\u043e\u043d\u0442\u043d\u044b\u0445 \u0440\u0430\u0431\u043e\u0442. \u0420\u0430\u0431\u043e\u0447\u0430\u044f [&#8230;]\n","protected":false},"featured_media":533,"comment_status":"open","ping_status":"closed","template":"","meta":[],"product_brand":[],"product_cat":[80],"product_tag":[83],"class_list":{"0":"post-531","1":"product","2":"type-product","3":"status-publish","4":"has-post-thumbnail","6":"product_cat-lestnitsy-alyuminievye","7":"product_tag-lestnitsa","9":"first","10":"instock","11":"sold-individually","12":"taxable","13":"shipping-taxable","14":"purchasable","15":"product-type-booking","16":"add-to-wishlist-before_image"},"yoast_head":"<!-- This site is optimized with the Yoast SEO Premium plugin v26.2 (Yoast SEO v26.9) - https:\/\/yoast.com\/product\/yoast-seo-premium-wordpress\/ -->\n<title>\u0410\u0440\u0435\u043d\u0434\u0430 \u0441\u0442\u0440\u0435\u043c\u044f\u043d\u043a\u0438 Krause 1x6 \u2013 \u0412\u0430\u0440\u0448\u0430\u0432\u0430 Tarchomin \/ Bia\u0142o\u0142\u0119ka - FLEXIRENTAL.PL<\/title>\n<meta name=\"description\" content=\"\u0421\u0434\u0430\u0451\u043c \u0432 \u0430\u0440\u0435\u043d\u0434\u0443 \u0441\u0442\u0440\u0435\u043c\u044f\u043d\u043a\u0443 Krause Solidy 1x6 (\u0440\u0430\u0431\u043e\u0447\u0430\u044f \u0432\u044b\u0441\u043e\u0442\u0430 \u0434\u043e 3,30 \u043c) \u0432 \u0412\u0430\u0440\u0448\u0430\u0432\u0435 \u2013 Tarchomin, Bia\u0142o\u0142\u0119ka. \u041f\u043e\u0434\u0445\u043e\u0434\u0438\u0442 \u0434\u043b\u044f \u0440\u0435\u043c\u043e\u043d\u0442\u0430 \u0438 \u0431\u044b\u0442\u043e\u0432\u044b\u0445 \u0440\u0430\u0431\u043e\u0442.\" \/>\n<meta name=\"robots\" content=\"index, follow, max-snippet:-1, max-image-preview:large, max-video-preview:-1\" \/>\n<link rel=\"canonical\" href=\"https:\/\/flexirental.pl\/ru\/product\/stremyanka-krause-solidy-1x6\/\" \/>\n<meta property=\"og:locale\" content=\"ru_RU\" \/>\n<meta property=\"og:type\" content=\"article\" \/>\n<meta property=\"og:title\" content=\"\u0421\u0442\u0440\u0435\u043c\u044f\u043d\u043a\u0430 Krause Solidy-1x6\" \/>\n<meta property=\"og:description\" content=\"\u0421\u0434\u0430\u0451\u043c \u0432 \u0430\u0440\u0435\u043d\u0434\u0443 \u0441\u0442\u0440\u0435\u043c\u044f\u043d\u043a\u0443 Krause Solidy 1x6 (\u0440\u0430\u0431\u043e\u0447\u0430\u044f \u0432\u044b\u0441\u043e\u0442\u0430 \u0434\u043e 3,30 \u043c) \u0432 \u0412\u0430\u0440\u0448\u0430\u0432\u0435 \u2013 Tarchomin, Bia\u0142o\u0142\u0119ka. \u041f\u043e\u0434\u0445\u043e\u0434\u0438\u0442 \u0434\u043b\u044f \u0440\u0435\u043c\u043e\u043d\u0442\u0430 \u0438 \u0431\u044b\u0442\u043e\u0432\u044b\u0445 \u0440\u0430\u0431\u043e\u0442.\" \/>\n<meta property=\"og:url\" content=\"https:\/\/flexirental.pl\/ru\/product\/stremyanka-krause-solidy-1x6\/\" \/>\n<meta property=\"og:site_name\" content=\"FLEXIRENTAL.PL\" \/>\n<meta property=\"article:modified_time\" content=\"2026-02-20T13:38:16+00:00\" \/>\n<meta property=\"og:image\" content=\"https:\/\/flexirental.pl\/wp-content\/uploads\/2025\/10\/Drabina-Krause-Solidy-wolnostojaca-1x6-1.jpg\" \/>\n\t<meta property=\"og:image:width\" content=\"1000\" \/>\n\t<meta property=\"og:image:height\" content=\"1000\" \/>\n\t<meta property=\"og:image:type\" content=\"image\/jpeg\" \/>\n<meta name=\"twitter:card\" content=\"summary_large_image\" \/>\n<meta name=\"twitter:label1\" content=\"\u0426\u0435\u043d\u0430\" \/>\n\t<meta name=\"twitter:data1\" content=\"30,00&nbsp;&#122;&#322;24,39&nbsp;&#122;&#322;\" \/>\n\t<meta name=\"twitter:label2\" content=\"\u0414\u043e\u0441\u0442\u0443\u043f\u043d\u043e\u0441\u0442\u044c\" \/>\n\t<meta name=\"twitter:data2\" content=\"\u0412 \u043d\u0430\u043b\u0438\u0447\u0438\u0438\" \/>\n<script type=\"application\/ld+json\" class=\"yoast-schema-graph\">{\"@context\":\"https:\/\/schema.org\",\"@graph\":[{\"@type\":\"WebPage\",\"@id\":\"https:\/\/flexirental.pl\/ru\/product\/stremyanka-krause-solidy-1x6\/\",\"url\":\"https:\/\/flexirental.pl\/ru\/product\/stremyanka-krause-solidy-1x6\/\",\"name\":\"\u0410\u0440\u0435\u043d\u0434\u0430 \u0441\u0442\u0440\u0435\u043c\u044f\u043d\u043a\u0438 Krause 1x6 \u2013 \u0412\u0430\u0440\u0448\u0430\u0432\u0430 Tarchomin \/ Bia\u0142o\u0142\u0119ka - FLEXIRENTAL.PL\",\"isPartOf\":{\"@id\":\"https:\/\/flexirental.pl\/#website\"},\"primaryImageOfPage\":{\"@id\":\"https:\/\/flexirental.pl\/ru\/product\/stremyanka-krause-solidy-1x6\/#primaryimage\"},\"image\":{\"@id\":\"https:\/\/flexirental.pl\/ru\/product\/stremyanka-krause-solidy-1x6\/#primaryimage\"},\"thumbnailUrl\":\"https:\/\/flexirental.pl\/wp-content\/uploads\/2025\/10\/Drabina-Krause-Solidy-wolnostojaca-1x6-1.jpg\",\"datePublished\":\"2025-10-30T10:41:51+00:00\",\"dateModified\":\"2026-02-20T13:38:16+00:00\",\"description\":\"\u0421\u0434\u0430\u0451\u043c \u0432 \u0430\u0440\u0435\u043d\u0434\u0443 \u0441\u0442\u0440\u0435\u043c\u044f\u043d\u043a\u0443 Krause Solidy 1x6 (\u0440\u0430\u0431\u043e\u0447\u0430\u044f \u0432\u044b\u0441\u043e\u0442\u0430 \u0434\u043e 3,30 \u043c) \u0432 \u0412\u0430\u0440\u0448\u0430\u0432\u0435 \u2013 Tarchomin, Bia\u0142o\u0142\u0119ka. \u041f\u043e\u0434\u0445\u043e\u0434\u0438\u0442 \u0434\u043b\u044f \u0440\u0435\u043c\u043e\u043d\u0442\u0430 \u0438 \u0431\u044b\u0442\u043e\u0432\u044b\u0445 \u0440\u0430\u0431\u043e\u0442.\",\"breadcrumb\":{\"@id\":\"https:\/\/flexirental.pl\/ru\/product\/stremyanka-krause-solidy-1x6\/#breadcrumb\"},\"inLanguage\":\"ru-RU\",\"potentialAction\":[{\"@type\":\"ReadAction\",\"target\":[\"https:\/\/flexirental.pl\/ru\/product\/stremyanka-krause-solidy-1x6\/\"]}]},{\"@type\":\"ImageObject\",\"inLanguage\":\"ru-RU\",\"@id\":\"https:\/\/flexirental.pl\/ru\/product\/stremyanka-krause-solidy-1x6\/#primaryimage\",\"url\":\"https:\/\/flexirental.pl\/wp-content\/uploads\/2025\/10\/Drabina-Krause-Solidy-wolnostojaca-1x6-1.jpg\",\"contentUrl\":\"https:\/\/flexirental.pl\/wp-content\/uploads\/2025\/10\/Drabina-Krause-Solidy-wolnostojaca-1x6-1.jpg\",\"width\":1000,\"height\":1000,\"caption\":\"Wynajem drabiny Krause Solidy 1x6 \u2013 Bia\u0142o\u0142\u0119ka \/ Tarchomin Warszawa\"},{\"@type\":\"BreadcrumbList\",\"@id\":\"https:\/\/flexirental.pl\/ru\/product\/stremyanka-krause-solidy-1x6\/#breadcrumb\",\"itemListElement\":[{\"@type\":\"ListItem\",\"position\":1,\"name\":\"Strona g\u0142\u00f3wna\",\"item\":\"https:\/\/flexirental.pl\/ru\/\"},{\"@type\":\"ListItem\",\"position\":2,\"name\":\"\u041c\u0430\u0433\u0430\u0437\u0438\u043d\",\"item\":\"https:\/\/flexirental.pl\/ru\/\"},{\"@type\":\"ListItem\",\"position\":3,\"name\":\"\u0421\u0442\u0440\u0435\u043c\u044f\u043d\u043a\u0430 Krause Solidy-1&#215;6\"}]},{\"@type\":\"WebSite\",\"@id\":\"https:\/\/flexirental.pl\/#website\",\"url\":\"https:\/\/flexirental.pl\/\",\"name\":\"FLEXIRENTAL.PL\",\"description\":\"FlexiRental \u2013 \u043e\u0431\u043e\u0440\u0443\u0434\u043e\u0432\u0430\u043d\u0438\u0435, \u043a\u043e\u0442\u043e\u0440\u043e\u0435 \u0440\u0430\u0431\u043e\u0442\u0430\u0435\u0442 \u0434\u043b\u044f \u0442\u0435\u0431\u044f\",\"potentialAction\":[{\"@type\":\"SearchAction\",\"target\":{\"@type\":\"EntryPoint\",\"urlTemplate\":\"https:\/\/flexirental.pl\/?s={search_term_string}\"},\"query-input\":{\"@type\":\"PropertyValueSpecification\",\"valueRequired\":true,\"valueName\":\"search_term_string\"}}],\"inLanguage\":\"ru-RU\"}]}<\/script>\n<meta property=\"product:price:amount\" content=\"30.00\" \/>\n<meta property=\"product:price:currency\" content=\"PLN\" \/>\n<meta property=\"og:availability\" content=\"instock\" \/>\n<meta property=\"product:availability\" content=\"instock\" \/>\n<meta property=\"product:condition\" content=\"new\" \/>\n<!-- \/ Yoast SEO Premium plugin. -->","yoast_head_json":{"title":"\u0410\u0440\u0435\u043d\u0434\u0430 \u0441\u0442\u0440\u0435\u043c\u044f\u043d\u043a\u0438 Krause 1x6 \u2013 \u0412\u0430\u0440\u0448\u0430\u0432\u0430 Tarchomin \/ Bia\u0142o\u0142\u0119ka - FLEXIRENTAL.PL","description":"\u0421\u0434\u0430\u0451\u043c \u0432 \u0430\u0440\u0435\u043d\u0434\u0443 \u0441\u0442\u0440\u0435\u043c\u044f\u043d\u043a\u0443 Krause Solidy 1x6 (\u0440\u0430\u0431\u043e\u0447\u0430\u044f \u0432\u044b\u0441\u043e\u0442\u0430 \u0434\u043e 3,30 \u043c) \u0432 \u0412\u0430\u0440\u0448\u0430\u0432\u0435 \u2013 Tarchomin, Bia\u0142o\u0142\u0119ka. \u041f\u043e\u0434\u0445\u043e\u0434\u0438\u0442 \u0434\u043b\u044f \u0440\u0435\u043c\u043e\u043d\u0442\u0430 \u0438 \u0431\u044b\u0442\u043e\u0432\u044b\u0445 \u0440\u0430\u0431\u043e\u0442.","robots":{"index":"index","follow":"follow","max-snippet":"max-snippet:-1","max-image-preview":"max-image-preview:large","max-video-preview":"max-video-preview:-1"},"canonical":"https:\/\/flexirental.pl\/ru\/product\/stremyanka-krause-solidy-1x6\/","og_locale":"ru_RU","og_type":"article","og_title":"\u0421\u0442\u0440\u0435\u043c\u044f\u043d\u043a\u0430 Krause Solidy-1x6","og_description":"\u0421\u0434\u0430\u0451\u043c \u0432 \u0430\u0440\u0435\u043d\u0434\u0443 \u0441\u0442\u0440\u0435\u043c\u044f\u043d\u043a\u0443 Krause Solidy 1x6 (\u0440\u0430\u0431\u043e\u0447\u0430\u044f \u0432\u044b\u0441\u043e\u0442\u0430 \u0434\u043e 3,30 \u043c) \u0432 \u0412\u0430\u0440\u0448\u0430\u0432\u0435 \u2013 Tarchomin, Bia\u0142o\u0142\u0119ka. \u041f\u043e\u0434\u0445\u043e\u0434\u0438\u0442 \u0434\u043b\u044f \u0440\u0435\u043c\u043e\u043d\u0442\u0430 \u0438 \u0431\u044b\u0442\u043e\u0432\u044b\u0445 \u0440\u0430\u0431\u043e\u0442.","og_url":"https:\/\/flexirental.pl\/ru\/product\/stremyanka-krause-solidy-1x6\/","og_site_name":"FLEXIRENTAL.PL","article_modified_time":"2026-02-20T13:38:16+00:00","og_image":[{"width":1000,"height":1000,"url":"https:\/\/flexirental.pl\/wp-content\/uploads\/2025\/10\/Drabina-Krause-Solidy-wolnostojaca-1x6-1.jpg","type":"image\/jpeg"}],"twitter_card":"summary_large_image","twitter_misc":{"\u0426\u0435\u043d\u0430":"30,00&nbsp;&#122;&#322;24,39&nbsp;&#122;&#322;","\u0414\u043e\u0441\u0442\u0443\u043f\u043d\u043e\u0441\u0442\u044c":"\u0412 \u043d\u0430\u043b\u0438\u0447\u0438\u0438"},"schema":{"@context":"https:\/\/schema.org","@graph":[{"@type":"WebPage","@id":"https:\/\/flexirental.pl\/ru\/product\/stremyanka-krause-solidy-1x6\/","url":"https:\/\/flexirental.pl\/ru\/product\/stremyanka-krause-solidy-1x6\/","name":"\u0410\u0440\u0435\u043d\u0434\u0430 \u0441\u0442\u0440\u0435\u043c\u044f\u043d\u043a\u0438 Krause 1x6 \u2013 \u0412\u0430\u0440\u0448\u0430\u0432\u0430 Tarchomin \/ Bia\u0142o\u0142\u0119ka - FLEXIRENTAL.PL","isPartOf":{"@id":"https:\/\/flexirental.pl\/#website"},"primaryImageOfPage":{"@id":"https:\/\/flexirental.pl\/ru\/product\/stremyanka-krause-solidy-1x6\/#primaryimage"},"image":{"@id":"https:\/\/flexirental.pl\/ru\/product\/stremyanka-krause-solidy-1x6\/#primaryimage"},"thumbnailUrl":"https:\/\/flexirental.pl\/wp-content\/uploads\/2025\/10\/Drabina-Krause-Solidy-wolnostojaca-1x6-1.jpg","datePublished":"2025-10-30T10:41:51+00:00","dateModified":"2026-02-20T13:38:16+00:00","description":"\u0421\u0434\u0430\u0451\u043c \u0432 \u0430\u0440\u0435\u043d\u0434\u0443 \u0441\u0442\u0440\u0435\u043c\u044f\u043d\u043a\u0443 Krause Solidy 1x6 (\u0440\u0430\u0431\u043e\u0447\u0430\u044f \u0432\u044b\u0441\u043e\u0442\u0430 \u0434\u043e 3,30 \u043c) \u0432 \u0412\u0430\u0440\u0448\u0430\u0432\u0435 \u2013 Tarchomin, Bia\u0142o\u0142\u0119ka. \u041f\u043e\u0434\u0445\u043e\u0434\u0438\u0442 \u0434\u043b\u044f \u0440\u0435\u043c\u043e\u043d\u0442\u0430 \u0438 \u0431\u044b\u0442\u043e\u0432\u044b\u0445 \u0440\u0430\u0431\u043e\u0442.","breadcrumb":{"@id":"https:\/\/flexirental.pl\/ru\/product\/stremyanka-krause-solidy-1x6\/#breadcrumb"},"inLanguage":"ru-RU","potentialAction":[{"@type":"ReadAction","target":["https:\/\/flexirental.pl\/ru\/product\/stremyanka-krause-solidy-1x6\/"]}]},{"@type":"ImageObject","inLanguage":"ru-RU","@id":"https:\/\/flexirental.pl\/ru\/product\/stremyanka-krause-solidy-1x6\/#primaryimage","url":"https:\/\/flexirental.pl\/wp-content\/uploads\/2025\/10\/Drabina-Krause-Solidy-wolnostojaca-1x6-1.jpg","contentUrl":"https:\/\/flexirental.pl\/wp-content\/uploads\/2025\/10\/Drabina-Krause-Solidy-wolnostojaca-1x6-1.jpg","width":1000,"height":1000,"caption":"Wynajem drabiny Krause Solidy 1x6 \u2013 Bia\u0142o\u0142\u0119ka \/ Tarchomin Warszawa"},{"@type":"BreadcrumbList","@id":"https:\/\/flexirental.pl\/ru\/product\/stremyanka-krause-solidy-1x6\/#breadcrumb","itemListElement":[{"@type":"ListItem","position":1,"name":"Strona g\u0142\u00f3wna","item":"https:\/\/flexirental.pl\/ru\/"},{"@type":"ListItem","position":2,"name":"\u041c\u0430\u0433\u0430\u0437\u0438\u043d","item":"https:\/\/flexirental.pl\/ru\/"},{"@type":"ListItem","position":3,"name":"\u0421\u0442\u0440\u0435\u043c\u044f\u043d\u043a\u0430 Krause Solidy-1&#215;6"}]},{"@type":"WebSite","@id":"https:\/\/flexirental.pl\/#website","url":"https:\/\/flexirental.pl\/","name":"FLEXIRENTAL.PL","description":"FlexiRental \u2013 \u043e\u0431\u043e\u0440\u0443\u0434\u043e\u0432\u0430\u043d\u0438\u0435, \u043a\u043e\u0442\u043e\u0440\u043e\u0435 \u0440\u0430\u0431\u043e\u0442\u0430\u0435\u0442 \u0434\u043b\u044f \u0442\u0435\u0431\u044f","potentialAction":[{"@type":"SearchAction","target":{"@type":"EntryPoint","urlTemplate":"https:\/\/flexirental.pl\/?s={search_term_string}"},"query-input":{"@type":"PropertyValueSpecification","valueRequired":true,"valueName":"search_term_string"}}],"inLanguage":"ru-RU"}]},"product_price_amount":"30.00","product_price_currency":"PLN","og_availability":"instock","product_availability":"instock","product_condition":"new"},"_links":{"self":[{"href":"https:\/\/flexirental.pl\/ru\/wp-json\/wp\/v2\/product\/531","targetHints":{"allow":["GET"]}}],"collection":[{"href":"https:\/\/flexirental.pl\/ru\/wp-json\/wp\/v2\/product"}],"about":[{"href":"https:\/\/flexirental.pl\/ru\/wp-json\/wp\/v2\/types\/product"}],"replies":[{"embeddable":true,"href":"https:\/\/flexirental.pl\/ru\/wp-json\/wp\/v2\/comments?post=531"}],"wp:featuredmedia":[{"embeddable":true,"href":"https:\/\/flexirental.pl\/ru\/wp-json\/wp\/v2\/media\/533"}],"wp:attachment":[{"href":"https:\/\/flexirental.pl\/ru\/wp-json\/wp\/v2\/media?parent=531"}],"wp:term":[{"taxonomy":"product_brand","embeddable":true,"href":"https:\/\/flexirental.pl\/ru\/wp-json\/wp\/v2\/product_brand?post=531"},{"taxonomy":"product_cat","embeddable":true,"href":"https:\/\/flexirental.pl\/ru\/wp-json\/wp\/v2\/product_cat?post=531"},{"taxonomy":"product_tag","embeddable":true,"href":"https:\/\/flexirental.pl\/ru\/wp-json\/wp\/v2\/product_tag?post=531"}],"curies":[{"name":"wp","href":"https:\/\/api.w.org\/{rel}","templated":true}]}}