{"id":572,"date":"2025-10-31T09:41:27","date_gmt":"2025-10-31T09:41:27","guid":{"rendered":"https:\/\/flexirental.pl\/?post_type=product&#038;p=572"},"modified":"2026-03-22T14:25:50","modified_gmt":"2026-03-22T14:25:50","slug":"arenda-dremel-3000","status":"publish","type":"product","link":"https:\/\/flexirental.pl\/ru\/product\/arenda-dremel-3000\/","title":{"rendered":"M\u0438\u043d\u0438-\u0448\u043b\u0438\u0444\u043c\u0430\u0448\u0438\u043d\u0430 Dremel 3000"},"content":{"rendered":"<p>\u0410\u0440\u0435\u043d\u0434\u0430 Dremel 3000 \u2013 \u0412\u0430\u0440\u0448\u0430\u0432\u0430 Bia\u0142o\u0142\u0119ka \/ Tarchomin<\/p>\n<p>\u2705 \u0420\u0435\u0433\u0443\u043b\u0438\u0440\u043e\u0432\u043a\u0430 \u043e\u0431\u043e\u0440\u043e\u0442\u043e\u0432: 5 000 \u2013 32 000 \u043e\u0431\/\u043c\u0438\u043d<br \/>\n\u2705 \u041c\u043e\u0449\u043d\u043e\u0441\u0442\u044c \u0434\u0432\u0438\u0433\u0430\u0442\u0435\u043b\u044f: 130 \u0412\u0442<br \/>\n\u2705 \u042d\u0440\u0433\u043e\u043d\u043e\u043c\u0438\u0447\u043d\u044b\u0439 \u043a\u043e\u0440\u043f\u0443\u0441 \u0441 \u043c\u044f\u0433\u043a\u043e\u0439 \u0432\u0441\u0442\u0430\u0432\u043a\u043e\u0439 Soft Grip<br \/>\n\u2705 \u041b\u0451\u0433\u043a\u0430\u044f \u0441\u043c\u0435\u043d\u0430 \u043d\u0430\u0441\u0430\u0434\u043e\u043a (EZ Twist)<br \/>\n\u2705 \u041c\u0430\u043b\u044b\u0439 \u0432\u0435\u0441 \u0438 \u0443\u0434\u043e\u0431\u0441\u0442\u0432\u043e \u0432 \u0440\u0443\u043a\u0435<\/p>\n<p><strong>\u041f\u0440\u0438\u043c\u0435\u043d\u0435\u043d\u0438\u0435:<\/strong><br \/>\n\u2714 \u0428\u043b\u0438\u0444\u043e\u0432\u043a\u0430 \u0438 \u043e\u0431\u0440\u0430\u0431\u043e\u0442\u043a\u0430 \u043a\u0440\u043e\u043c\u043e\u043a<br \/>\n\u2714 \u0420\u0435\u0437\u043a\u0430 \u043c\u0435\u043b\u043a\u0438\u0445 \u0434\u0435\u0442\u0430\u043b\u0435\u0439<br \/>\n\u2714 \u041f\u043e\u043b\u0438\u0440\u043e\u0432\u043a\u0430 \u043c\u0435\u0442\u0430\u043b\u043b\u0430 \u0438 \u044e\u0432\u0435\u043b\u0438\u0440\u043d\u044b\u0445 \u0438\u0437\u0434\u0435\u043b\u0438\u0439<br \/>\n\u2714 \u0421\u0432\u0435\u0440\u043b\u0435\u043d\u0438\u0435 \u0442\u043e\u043d\u043a\u0438\u0445 \u043e\u0442\u0432\u0435\u0440\u0441\u0442\u0438\u0439<br \/>\n\u2714 \u0413\u0440\u0430\u0432\u0438\u0440\u043e\u0432\u043a\u0430 \u0438 \u0434\u0435\u043a\u043e\u0440\u0430\u0442\u0438\u0432\u043d\u044b\u0435 \u0440\u0430\u0431\u043e\u0442\u044b<br \/>\n\u2714 \u041c\u043e\u0434\u0435\u043b\u0438\u0437\u043c \u0438 DIY-\u043f\u0440\u043e\u0435\u043a\u0442\u044b<\/p>\n<p>Dremel 3000 \u2014 \u043a\u043e\u043c\u043f\u0430\u043a\u0442\u043d\u044b\u0439 \u0438 \u0443\u0434\u043e\u0431\u043d\u044b\u0439 \u043c\u043d\u043e\u0433\u043e\u0444\u0443\u043d\u043a\u0446\u0438\u043e\u043d\u0430\u043b\u044c\u043d\u044b\u0439 \u0438\u043d\u0441\u0442\u0440\u0443\u043c\u0435\u043d\u0442 \u0434\u043b\u044f \u0442\u043e\u0447\u043d\u044b\u0445 \u0440\u0430\u0431\u043e\u0442. \u041f\u043e\u0434\u0445\u043e\u0434\u0438\u0442 \u0434\u043b\u044f \u0434\u043e\u043c\u0430\u0448\u043d\u0435\u0433\u043e \u0438\u0441\u043f\u043e\u043b\u044c\u0437\u043e\u0432\u0430\u043d\u0438\u044f, \u043c\u043e\u0434\u0435\u043b\u0438\u0437\u043c\u0430, \u0440\u0435\u043c\u043e\u043d\u0442\u0430, \u0434\u0435\u043a\u043e\u0440\u0430\u0442\u0438\u0432\u043d\u044b\u0445 \u043f\u0440\u043e\u0435\u043a\u0442\u043e\u0432 \u0438 DIY.<\/p>\n<p>\u041f\u043e\u0437\u0432\u043e\u043b\u044f\u0435\u0442 \u043e\u0431\u0440\u0430\u0431\u0430\u0442\u044b\u0432\u0430\u0442\u044c \u0434\u0435\u0440\u0435\u0432\u043e, \u043c\u0435\u0442\u0430\u043b\u043b, \u043f\u043b\u0430\u0441\u0442\u0438\u043a, \u0441\u0442\u0435\u043a\u043b\u043e, \u043a\u0435\u0440\u0430\u043c\u0438\u043a\u0443 \u0438 \u044d\u043b\u0435\u043a\u0442\u0440\u043e\u043d\u0438\u043a\u0443, \u0430 \u0442\u0430\u043a\u0436\u0435 \u0432\u044b\u043f\u043e\u043b\u043d\u044f\u0442\u044c \u0442\u043e\u0447\u043d\u044b\u0435 \u043e\u043f\u0435\u0440\u0430\u0446\u0438\u0438 \u0432 \u0442\u0440\u0443\u0434\u043d\u043e\u0434\u043e\u0441\u0442\u0443\u043f\u043d\u044b\u0445 \u043c\u0435\u0441\u0442\u0430\u0445.<\/p>\n<p>\u0410\u0440\u0435\u043d\u0434\u0430 \u0434\u043e\u0441\u0442\u0443\u043f\u043d\u0430 \u0432 \u0412\u0430\u0440\u0448\u0430\u0432\u0435 (Bia\u0142o\u0142\u0119ka \/ Tarchomin) \u0441 \u0432\u043e\u0437\u043c\u043e\u0436\u043d\u043e\u0441\u0442\u044c\u044e \u043a\u0443\u0440\u044c\u0435\u0440\u0441\u043a\u043e\u0439 \u0434\u043e\u0441\u0442\u0430\u0432\u043a\u0438 \u0438\u043b\u0438 \u0441\u0430\u043c\u043e\u0432\u044b\u0432\u043e\u0437\u0430.<\/p>\n","protected":false},"excerpt":{"rendered":"<p>\u0410\u0440\u0435\u043d\u0434\u0430 Dremel 3000 \u2013 \u0412\u0430\u0440\u0448\u0430\u0432\u0430 Bia\u0142o\u0142\u0119ka \/ Tarchomin \u2705 \u0420\u0435\u0433\u0443\u043b\u0438\u0440\u043e\u0432\u043a\u0430 \u043e\u0431\u043e\u0440\u043e\u0442\u043e\u0432: 5 000 \u2013 32 000 \u043e\u0431\/\u043c\u0438\u043d \u2705 \u041c\u043e\u0449\u043d\u043e\u0441\u0442\u044c \u0434\u0432\u0438\u0433\u0430\u0442\u0435\u043b\u044f: 130 \u0412\u0442 \u2705 \u042d\u0440\u0433\u043e\u043d\u043e\u043c\u0438\u0447\u043d\u044b\u0439 \u043a\u043e\u0440\u043f\u0443\u0441 \u0441 \u043c\u044f\u0433\u043a\u043e\u0439 \u0432\u0441\u0442\u0430\u0432\u043a\u043e\u0439 Soft Grip \u2705 \u041b\u0451\u0433\u043a\u0430\u044f \u0441\u043c\u0435\u043d\u0430 \u043d\u0430\u0441\u0430\u0434\u043e\u043a (EZ Twist) \u2705 \u041c\u0430\u043b\u044b\u0439 \u0432\u0435\u0441 \u0438 \u0443\u0434\u043e\u0431\u0441\u0442\u0432\u043e \u0432 \u0440\u0443\u043a\u0435 \u041f\u0440\u0438\u043c\u0435\u043d\u0435\u043d\u0438\u0435: \u2714 \u0428\u043b\u0438\u0444\u043e\u0432\u043a\u0430 \u0438 \u043e\u0431\u0440\u0430\u0431\u043e\u0442\u043a\u0430 \u043a\u0440\u043e\u043c\u043e\u043a \u2714 \u0420\u0435\u0437\u043a\u0430 \u043c\u0435\u043b\u043a\u0438\u0445 \u0434\u0435\u0442\u0430\u043b\u0435\u0439 \u2714 \u041f\u043e\u043b\u0438\u0440\u043e\u0432\u043a\u0430 [&#8230;]\n","protected":false},"featured_media":580,"comment_status":"open","ping_status":"closed","template":"","meta":[],"product_brand":[],"product_cat":[102],"product_tag":[],"class_list":{"0":"post-572","1":"product","2":"type-product","3":"status-publish","4":"has-post-thumbnail","6":"product_cat-mini-shlifmashiny","8":"first","9":"instock","10":"sold-individually","11":"taxable","12":"shipping-taxable","13":"purchasable","14":"product-type-booking","15":"add-to-wishlist-before_image"},"yoast_head":"<!-- This site is optimized with the Yoast SEO Premium plugin v26.2 (Yoast SEO v26.9) - https:\/\/yoast.com\/product\/yoast-seo-premium-wordpress\/ -->\n<title>\u0410\u0440\u0435\u043d\u0434\u0430 Dremel 3000 \u2013 \u0412\u0430\u0440\u0448\u0430\u0432\u0430 Bia\u0142o\u0142\u0119ka \/ Tarchomin - FLEXIRENTAL.PL<\/title>\n<meta name=\"description\" content=\"\u0410\u0440\u0435\u043d\u0434\u0430 \u043c\u043d\u043e\u0433\u043e\u0444\u0443\u043d\u043a\u0446\u0438\u043e\u043d\u0430\u043b\u044c\u043d\u043e\u0433\u043e \u0438\u043d\u0441\u0442\u0440\u0443\u043c\u0435\u043d\u0442\u0430 Dremel 3000 \u043f\u043e \u0434\u043d\u044f\u043c. \u0414\u043b\u044f \u0448\u043b\u0438\u0444\u043e\u0432\u043a\u0438, \u0440\u0435\u0437\u043a\u0438 \u0438 \u0433\u0440\u0430\u0432\u0438\u0440\u043e\u0432\u043a\u0438. \u0421\u0430\u043c\u043e\u0432\u044b\u0432\u043e\u0437 Bia\u0142o\u0142\u0119ka \/ Tarchomin \u0438\u043b\u0438 \u0434\u043e\u0441\u0442\u0430\u0432\u043a\u0430 \u043a\u0443\u0440\u044c\u0435\u0440\u043e\u043c.\" \/>\n<meta name=\"robots\" content=\"index, follow, max-snippet:-1, max-image-preview:large, max-video-preview:-1\" \/>\n<link rel=\"canonical\" href=\"https:\/\/flexirental.pl\/ru\/product\/arenda-dremel-3000\/\" \/>\n<meta property=\"og:locale\" content=\"ru_RU\" \/>\n<meta property=\"og:type\" content=\"article\" \/>\n<meta property=\"og:title\" content=\"M\u0438\u043d\u0438-\u0448\u043b\u0438\u0444\u043c\u0430\u0448\u0438\u043d\u0430 Dremel 3000\" \/>\n<meta property=\"og:description\" content=\"\u0410\u0440\u0435\u043d\u0434\u0430 \u043c\u043d\u043e\u0433\u043e\u0444\u0443\u043d\u043a\u0446\u0438\u043e\u043d\u0430\u043b\u044c\u043d\u043e\u0433\u043e \u0438\u043d\u0441\u0442\u0440\u0443\u043c\u0435\u043d\u0442\u0430 Dremel 3000 \u043f\u043e \u0434\u043d\u044f\u043c. \u0414\u043b\u044f \u0448\u043b\u0438\u0444\u043e\u0432\u043a\u0438, \u0440\u0435\u0437\u043a\u0438 \u0438 \u0433\u0440\u0430\u0432\u0438\u0440\u043e\u0432\u043a\u0438. \u0421\u0430\u043c\u043e\u0432\u044b\u0432\u043e\u0437 Bia\u0142o\u0142\u0119ka \/ Tarchomin \u0438\u043b\u0438 \u0434\u043e\u0441\u0442\u0430\u0432\u043a\u0430 \u043a\u0443\u0440\u044c\u0435\u0440\u043e\u043c.\" \/>\n<meta property=\"og:url\" content=\"https:\/\/flexirental.pl\/ru\/product\/arenda-dremel-3000\/\" \/>\n<meta property=\"og:site_name\" content=\"FLEXIRENTAL.PL\" \/>\n<meta property=\"article:modified_time\" content=\"2026-03-22T14:25:50+00:00\" \/>\n<meta property=\"og:image\" content=\"https:\/\/flexirental.pl\/wp-content\/uploads\/2025\/10\/Dremel.jpg\" \/>\n\t<meta property=\"og:image:width\" content=\"1000\" \/>\n\t<meta property=\"og:image:height\" content=\"1000\" \/>\n\t<meta property=\"og:image:type\" content=\"image\/jpeg\" \/>\n<meta name=\"twitter:card\" content=\"summary_large_image\" \/>\n<meta name=\"twitter:label1\" content=\"\u0426\u0435\u043d\u0430\" \/>\n\t<meta name=\"twitter:data1\" content=\"35,00&nbsp;&#122;&#322;28,46&nbsp;&#122;&#322;\" \/>\n\t<meta name=\"twitter:label2\" content=\"\u0414\u043e\u0441\u0442\u0443\u043f\u043d\u043e\u0441\u0442\u044c\" \/>\n\t<meta name=\"twitter:data2\" content=\"\u0412 \u043d\u0430\u043b\u0438\u0447\u0438\u0438\" \/>\n<script type=\"application\/ld+json\" class=\"yoast-schema-graph\">{\"@context\":\"https:\/\/schema.org\",\"@graph\":[{\"@type\":\"WebPage\",\"@id\":\"https:\/\/flexirental.pl\/ru\/product\/arenda-dremel-3000\/\",\"url\":\"https:\/\/flexirental.pl\/ru\/product\/arenda-dremel-3000\/\",\"name\":\"\u0410\u0440\u0435\u043d\u0434\u0430 Dremel 3000 \u2013 \u0412\u0430\u0440\u0448\u0430\u0432\u0430 Bia\u0142o\u0142\u0119ka \/ Tarchomin - FLEXIRENTAL.PL\",\"isPartOf\":{\"@id\":\"https:\/\/flexirental.pl\/#website\"},\"primaryImageOfPage\":{\"@id\":\"https:\/\/flexirental.pl\/ru\/product\/arenda-dremel-3000\/#primaryimage\"},\"image\":{\"@id\":\"https:\/\/flexirental.pl\/ru\/product\/arenda-dremel-3000\/#primaryimage\"},\"thumbnailUrl\":\"https:\/\/flexirental.pl\/wp-content\/uploads\/2025\/10\/Dremel.jpg\",\"datePublished\":\"2025-10-31T09:41:27+00:00\",\"dateModified\":\"2026-03-22T14:25:50+00:00\",\"description\":\"\u0410\u0440\u0435\u043d\u0434\u0430 \u043c\u043d\u043e\u0433\u043e\u0444\u0443\u043d\u043a\u0446\u0438\u043e\u043d\u0430\u043b\u044c\u043d\u043e\u0433\u043e \u0438\u043d\u0441\u0442\u0440\u0443\u043c\u0435\u043d\u0442\u0430 Dremel 3000 \u043f\u043e \u0434\u043d\u044f\u043c. \u0414\u043b\u044f \u0448\u043b\u0438\u0444\u043e\u0432\u043a\u0438, \u0440\u0435\u0437\u043a\u0438 \u0438 \u0433\u0440\u0430\u0432\u0438\u0440\u043e\u0432\u043a\u0438. \u0421\u0430\u043c\u043e\u0432\u044b\u0432\u043e\u0437 Bia\u0142o\u0142\u0119ka \/ Tarchomin \u0438\u043b\u0438 \u0434\u043e\u0441\u0442\u0430\u0432\u043a\u0430 \u043a\u0443\u0440\u044c\u0435\u0440\u043e\u043c.\",\"breadcrumb\":{\"@id\":\"https:\/\/flexirental.pl\/ru\/product\/arenda-dremel-3000\/#breadcrumb\"},\"inLanguage\":\"ru-RU\",\"potentialAction\":[{\"@type\":\"ReadAction\",\"target\":[\"https:\/\/flexirental.pl\/ru\/product\/arenda-dremel-3000\/\"]}]},{\"@type\":\"ImageObject\",\"inLanguage\":\"ru-RU\",\"@id\":\"https:\/\/flexirental.pl\/ru\/product\/arenda-dremel-3000\/#primaryimage\",\"url\":\"https:\/\/flexirental.pl\/wp-content\/uploads\/2025\/10\/Dremel.jpg\",\"contentUrl\":\"https:\/\/flexirental.pl\/wp-content\/uploads\/2025\/10\/Dremel.jpg\",\"width\":1000,\"height\":1000,\"caption\":\"Wynajem Multiszlifierki Dremel 3000 \u2013 Warszawa Bia\u0142o\u0142\u0119ka \/ Tarchomin\"},{\"@type\":\"BreadcrumbList\",\"@id\":\"https:\/\/flexirental.pl\/ru\/product\/arenda-dremel-3000\/#breadcrumb\",\"itemListElement\":[{\"@type\":\"ListItem\",\"position\":1,\"name\":\"Strona g\u0142\u00f3wna\",\"item\":\"https:\/\/flexirental.pl\/ru\/\"},{\"@type\":\"ListItem\",\"position\":2,\"name\":\"\u041c\u0430\u0433\u0430\u0437\u0438\u043d\",\"item\":\"https:\/\/flexirental.pl\/ru\/\"},{\"@type\":\"ListItem\",\"position\":3,\"name\":\"M\u0438\u043d\u0438-\u0448\u043b\u0438\u0444\u043c\u0430\u0448\u0438\u043d\u0430 Dremel 3000\"}]},{\"@type\":\"WebSite\",\"@id\":\"https:\/\/flexirental.pl\/#website\",\"url\":\"https:\/\/flexirental.pl\/\",\"name\":\"FLEXIRENTAL.PL\",\"description\":\"FlexiRental \u2013 \u043e\u0431\u043e\u0440\u0443\u0434\u043e\u0432\u0430\u043d\u0438\u0435, \u043a\u043e\u0442\u043e\u0440\u043e\u0435 \u0440\u0430\u0431\u043e\u0442\u0430\u0435\u0442 \u0434\u043b\u044f \u0442\u0435\u0431\u044f\",\"potentialAction\":[{\"@type\":\"SearchAction\",\"target\":{\"@type\":\"EntryPoint\",\"urlTemplate\":\"https:\/\/flexirental.pl\/?s={search_term_string}\"},\"query-input\":{\"@type\":\"PropertyValueSpecification\",\"valueRequired\":true,\"valueName\":\"search_term_string\"}}],\"inLanguage\":\"ru-RU\"}]}<\/script>\n<meta property=\"product:price:amount\" content=\"35.00\" \/>\n<meta property=\"product:price:currency\" content=\"PLN\" \/>\n<meta property=\"og:availability\" content=\"instock\" \/>\n<meta property=\"product:availability\" content=\"instock\" \/>\n<meta property=\"product:condition\" content=\"new\" \/>\n<!-- \/ Yoast SEO Premium plugin. -->","yoast_head_json":{"title":"\u0410\u0440\u0435\u043d\u0434\u0430 Dremel 3000 \u2013 \u0412\u0430\u0440\u0448\u0430\u0432\u0430 Bia\u0142o\u0142\u0119ka \/ Tarchomin - FLEXIRENTAL.PL","description":"\u0410\u0440\u0435\u043d\u0434\u0430 \u043c\u043d\u043e\u0433\u043e\u0444\u0443\u043d\u043a\u0446\u0438\u043e\u043d\u0430\u043b\u044c\u043d\u043e\u0433\u043e \u0438\u043d\u0441\u0442\u0440\u0443\u043c\u0435\u043d\u0442\u0430 Dremel 3000 \u043f\u043e \u0434\u043d\u044f\u043c. \u0414\u043b\u044f \u0448\u043b\u0438\u0444\u043e\u0432\u043a\u0438, \u0440\u0435\u0437\u043a\u0438 \u0438 \u0433\u0440\u0430\u0432\u0438\u0440\u043e\u0432\u043a\u0438. \u0421\u0430\u043c\u043e\u0432\u044b\u0432\u043e\u0437 Bia\u0142o\u0142\u0119ka \/ Tarchomin \u0438\u043b\u0438 \u0434\u043e\u0441\u0442\u0430\u0432\u043a\u0430 \u043a\u0443\u0440\u044c\u0435\u0440\u043e\u043c.","robots":{"index":"index","follow":"follow","max-snippet":"max-snippet:-1","max-image-preview":"max-image-preview:large","max-video-preview":"max-video-preview:-1"},"canonical":"https:\/\/flexirental.pl\/ru\/product\/arenda-dremel-3000\/","og_locale":"ru_RU","og_type":"article","og_title":"M\u0438\u043d\u0438-\u0448\u043b\u0438\u0444\u043c\u0430\u0448\u0438\u043d\u0430 Dremel 3000","og_description":"\u0410\u0440\u0435\u043d\u0434\u0430 \u043c\u043d\u043e\u0433\u043e\u0444\u0443\u043d\u043a\u0446\u0438\u043e\u043d\u0430\u043b\u044c\u043d\u043e\u0433\u043e \u0438\u043d\u0441\u0442\u0440\u0443\u043c\u0435\u043d\u0442\u0430 Dremel 3000 \u043f\u043e \u0434\u043d\u044f\u043c. \u0414\u043b\u044f \u0448\u043b\u0438\u0444\u043e\u0432\u043a\u0438, \u0440\u0435\u0437\u043a\u0438 \u0438 \u0433\u0440\u0430\u0432\u0438\u0440\u043e\u0432\u043a\u0438. \u0421\u0430\u043c\u043e\u0432\u044b\u0432\u043e\u0437 Bia\u0142o\u0142\u0119ka \/ Tarchomin \u0438\u043b\u0438 \u0434\u043e\u0441\u0442\u0430\u0432\u043a\u0430 \u043a\u0443\u0440\u044c\u0435\u0440\u043e\u043c.","og_url":"https:\/\/flexirental.pl\/ru\/product\/arenda-dremel-3000\/","og_site_name":"FLEXIRENTAL.PL","article_modified_time":"2026-03-22T14:25:50+00:00","og_image":[{"width":1000,"height":1000,"url":"https:\/\/flexirental.pl\/wp-content\/uploads\/2025\/10\/Dremel.jpg","type":"image\/jpeg"}],"twitter_card":"summary_large_image","twitter_misc":{"\u0426\u0435\u043d\u0430":"35,00&nbsp;&#122;&#322;28,46&nbsp;&#122;&#322;","\u0414\u043e\u0441\u0442\u0443\u043f\u043d\u043e\u0441\u0442\u044c":"\u0412 \u043d\u0430\u043b\u0438\u0447\u0438\u0438"},"schema":{"@context":"https:\/\/schema.org","@graph":[{"@type":"WebPage","@id":"https:\/\/flexirental.pl\/ru\/product\/arenda-dremel-3000\/","url":"https:\/\/flexirental.pl\/ru\/product\/arenda-dremel-3000\/","name":"\u0410\u0440\u0435\u043d\u0434\u0430 Dremel 3000 \u2013 \u0412\u0430\u0440\u0448\u0430\u0432\u0430 Bia\u0142o\u0142\u0119ka \/ Tarchomin - FLEXIRENTAL.PL","isPartOf":{"@id":"https:\/\/flexirental.pl\/#website"},"primaryImageOfPage":{"@id":"https:\/\/flexirental.pl\/ru\/product\/arenda-dremel-3000\/#primaryimage"},"image":{"@id":"https:\/\/flexirental.pl\/ru\/product\/arenda-dremel-3000\/#primaryimage"},"thumbnailUrl":"https:\/\/flexirental.pl\/wp-content\/uploads\/2025\/10\/Dremel.jpg","datePublished":"2025-10-31T09:41:27+00:00","dateModified":"2026-03-22T14:25:50+00:00","description":"\u0410\u0440\u0435\u043d\u0434\u0430 \u043c\u043d\u043e\u0433\u043e\u0444\u0443\u043d\u043a\u0446\u0438\u043e\u043d\u0430\u043b\u044c\u043d\u043e\u0433\u043e \u0438\u043d\u0441\u0442\u0440\u0443\u043c\u0435\u043d\u0442\u0430 Dremel 3000 \u043f\u043e \u0434\u043d\u044f\u043c. \u0414\u043b\u044f \u0448\u043b\u0438\u0444\u043e\u0432\u043a\u0438, \u0440\u0435\u0437\u043a\u0438 \u0438 \u0433\u0440\u0430\u0432\u0438\u0440\u043e\u0432\u043a\u0438. \u0421\u0430\u043c\u043e\u0432\u044b\u0432\u043e\u0437 Bia\u0142o\u0142\u0119ka \/ Tarchomin \u0438\u043b\u0438 \u0434\u043e\u0441\u0442\u0430\u0432\u043a\u0430 \u043a\u0443\u0440\u044c\u0435\u0440\u043e\u043c.","breadcrumb":{"@id":"https:\/\/flexirental.pl\/ru\/product\/arenda-dremel-3000\/#breadcrumb"},"inLanguage":"ru-RU","potentialAction":[{"@type":"ReadAction","target":["https:\/\/flexirental.pl\/ru\/product\/arenda-dremel-3000\/"]}]},{"@type":"ImageObject","inLanguage":"ru-RU","@id":"https:\/\/flexirental.pl\/ru\/product\/arenda-dremel-3000\/#primaryimage","url":"https:\/\/flexirental.pl\/wp-content\/uploads\/2025\/10\/Dremel.jpg","contentUrl":"https:\/\/flexirental.pl\/wp-content\/uploads\/2025\/10\/Dremel.jpg","width":1000,"height":1000,"caption":"Wynajem Multiszlifierki Dremel 3000 \u2013 Warszawa Bia\u0142o\u0142\u0119ka \/ Tarchomin"},{"@type":"BreadcrumbList","@id":"https:\/\/flexirental.pl\/ru\/product\/arenda-dremel-3000\/#breadcrumb","itemListElement":[{"@type":"ListItem","position":1,"name":"Strona g\u0142\u00f3wna","item":"https:\/\/flexirental.pl\/ru\/"},{"@type":"ListItem","position":2,"name":"\u041c\u0430\u0433\u0430\u0437\u0438\u043d","item":"https:\/\/flexirental.pl\/ru\/"},{"@type":"ListItem","position":3,"name":"M\u0438\u043d\u0438-\u0448\u043b\u0438\u0444\u043c\u0430\u0448\u0438\u043d\u0430 Dremel 3000"}]},{"@type":"WebSite","@id":"https:\/\/flexirental.pl\/#website","url":"https:\/\/flexirental.pl\/","name":"FLEXIRENTAL.PL","description":"FlexiRental \u2013 \u043e\u0431\u043e\u0440\u0443\u0434\u043e\u0432\u0430\u043d\u0438\u0435, \u043a\u043e\u0442\u043e\u0440\u043e\u0435 \u0440\u0430\u0431\u043e\u0442\u0430\u0435\u0442 \u0434\u043b\u044f \u0442\u0435\u0431\u044f","potentialAction":[{"@type":"SearchAction","target":{"@type":"EntryPoint","urlTemplate":"https:\/\/flexirental.pl\/?s={search_term_string}"},"query-input":{"@type":"PropertyValueSpecification","valueRequired":true,"valueName":"search_term_string"}}],"inLanguage":"ru-RU"}]},"product_price_amount":"35.00","product_price_currency":"PLN","og_availability":"instock","product_availability":"instock","product_condition":"new"},"_links":{"self":[{"href":"https:\/\/flexirental.pl\/ru\/wp-json\/wp\/v2\/product\/572","targetHints":{"allow":["GET"]}}],"collection":[{"href":"https:\/\/flexirental.pl\/ru\/wp-json\/wp\/v2\/product"}],"about":[{"href":"https:\/\/flexirental.pl\/ru\/wp-json\/wp\/v2\/types\/product"}],"replies":[{"embeddable":true,"href":"https:\/\/flexirental.pl\/ru\/wp-json\/wp\/v2\/comments?post=572"}],"wp:featuredmedia":[{"embeddable":true,"href":"https:\/\/flexirental.pl\/ru\/wp-json\/wp\/v2\/media\/580"}],"wp:attachment":[{"href":"https:\/\/flexirental.pl\/ru\/wp-json\/wp\/v2\/media?parent=572"}],"wp:term":[{"taxonomy":"product_brand","embeddable":true,"href":"https:\/\/flexirental.pl\/ru\/wp-json\/wp\/v2\/product_brand?post=572"},{"taxonomy":"product_cat","embeddable":true,"href":"https:\/\/flexirental.pl\/ru\/wp-json\/wp\/v2\/product_cat?post=572"},{"taxonomy":"product_tag","embeddable":true,"href":"https:\/\/flexirental.pl\/ru\/wp-json\/wp\/v2\/product_tag?post=572"}],"curies":[{"name":"wp","href":"https:\/\/api.w.org\/{rel}","templated":true}]}}