{"id":628,"date":"2025-12-29T10:36:17","date_gmt":"2025-12-29T10:36:17","guid":{"rendered":"https:\/\/flexirental.pl\/?post_type=product&#038;p=628"},"modified":"2026-03-22T14:25:51","modified_gmt":"2026-03-22T14:25:51","slug":"moyushhij-pylesos-karcher-puzzi-10-1","status":"publish","type":"product","link":"https:\/\/flexirental.pl\/ru\/product\/moyushhij-pylesos-karcher-puzzi-10-1\/","title":{"rendered":"\u041c\u043e\u044e\u0449\u0438\u0439 \u043f\u044b\u043b\u0435\u0441\u043e\u0441 Karcher Puzzi 10\/1"},"content":{"rendered":"<h2 data-start=\"0\" data-end=\"83\">\u0410\u0440\u0435\u043d\u0434\u0430 \u043c\u043e\u044e\u0449\u0435\u0433\u043e \u043f\u044b\u043b\u0435\u0441\u043e\u0441\u0430 <strong data-start=\"24\" data-end=\"46\">Karcher Puzzi 10\/1<\/strong> \u0432 \u0412\u0430\u0440\u0448\u0430\u0432\u0435 (<strong data-start=\"58\" data-end=\"82\">Bia\u0142o\u0142\u0119ka, Tarchomin<\/strong>)<\/h2>\n<p data-start=\"85\" data-end=\"347\">\u2705 \u041c\u043e\u0449\u043d\u043e\u0441\u0442\u044c \u0442\u0443\u0440\u0431\u0438\u043d\u044b: <strong data-start=\"105\" data-end=\"116\">1250 \u0412\u0442<\/strong><br data-start=\"116\" data-end=\"119\" \/>\u2705 \u041c\u043e\u0449\u043d\u043e\u0441\u0442\u044c \u043f\u043e\u043c\u043f\u044b: <strong data-start=\"137\" data-end=\"146\">40 \u0412\u0442<\/strong><br data-start=\"146\" data-end=\"149\" \/>\u2705 \u041d\u0430\u043f\u0440\u044f\u0436\u0435\u043d\u0438\u0435: <strong data-start=\"163\" data-end=\"176\">220\u2013240 \u0412<\/strong><br data-start=\"176\" data-end=\"179\" \/>\u2705 \u0422\u0435\u043e\u0440\u0435\u0442\u0438\u0447\u0435\u0441\u043a\u0430\u044f \u043f\u0440\u043e\u0438\u0437\u0432\u043e\u0434\u0438\u0442\u0435\u043b\u044c\u043d\u043e\u0441\u0442\u044c: <strong data-start=\"215\" data-end=\"229\">20\u201325 \u043c\u00b2\/\u0447<\/strong><br data-start=\"229\" data-end=\"232\" \/>\u2705 \u0411\u0430\u043a \u0447\u0438\u0441\u0442\u043e\u0439 \/ \u0433\u0440\u044f\u0437\u043d\u043e\u0439 \u0432\u043e\u0434\u044b: <strong data-start=\"261\" data-end=\"273\">10 \/ 9 \u043b<\/strong><br data-start=\"273\" data-end=\"276\" \/>\u2705 \u041a\u0430\u0431\u0435\u043b\u044c \u043f\u0438\u0442\u0430\u043d\u0438\u044f: <strong data-start=\"294\" data-end=\"303\">7,5 \u043c<\/strong><br data-start=\"303\" data-end=\"306\" \/>\u2705 \u0414\u043b\u0438\u043d\u0430 \u044d\u043a\u0441\u0442\u0440\u0430\u043a\u0446\u0438\u043e\u043d\u043d\u043e\u0433\u043e \u0448\u043b\u0430\u043d\u0433\u0430: <strong data-start=\"338\" data-end=\"347\">2,5 \u043c<\/strong><\/p>\n<p data-start=\"349\" data-end=\"383\">\u0412 \u043a\u043e\u043c\u043f\u043b\u0435\u043a\u0442\u0435 \u2014 <strong data-start=\"363\" data-end=\"382\">\u0449\u0435\u043b\u0435\u0432\u0430\u044f \u043d\u0430\u0441\u0430\u0434\u043a\u0430<\/strong>.<\/p>\n<p data-start=\"385\" data-end=\"447\">\u041d\u0430 \u043c\u0435\u0441\u0442\u0435 \u043c\u043e\u0436\u043d\u043e \u0434\u043e\u043a\u0443\u043f\u0438\u0442\u044c \u043f\u043e\u0440\u043e\u0448\u043e\u043a \u0434\u043b\u044f \u0447\u0438\u0441\u0442\u043a\u0438 <strong data-start=\"428\" data-end=\"446\">Karcher RM 760<\/strong>.<\/p>\n<p data-start=\"449\" data-end=\"575\">\u0410\u0440\u0435\u043d\u0434\u0430 \u043c\u043e\u044e\u0449\u0435\u0433\u043e \u043f\u044b\u043b\u0435\u0441\u043e\u0441\u0430 <strong data-start=\"473\" data-end=\"495\">Karcher Puzzi 10\/1<\/strong> \u2014 \u044d\u0442\u043e \u0431\u044b\u0441\u0442\u0440\u044b\u0439 \u0441\u043f\u043e\u0441\u043e\u0431 \u043e\u0441\u0432\u0435\u0436\u0438\u0442\u044c \u043e\u0431\u0438\u0432\u043a\u0443 \u0438 \u0443\u0434\u0430\u043b\u0438\u0442\u044c \u043f\u044f\u0442\u043d\u0430 \u0431\u0435\u0437 \u0437\u0430\u043a\u0430\u0437\u0430 \u0434\u043e\u0440\u043e\u0433\u043e\u0439 \u0443\u0441\u043b\u0443\u0433\u0438.<\/p>\n<p data-start=\"577\" data-end=\"615\">\u0422\u0435\u0445\u043d\u0438\u043a\u0430 \u043e\u0442\u043b\u0438\u0447\u043d\u043e \u043f\u043e\u0434\u0445\u043e\u0434\u0438\u0442 \u0434\u043b\u044f \u0447\u0438\u0441\u0442\u043a\u0438:<\/p>\n<ul data-start=\"616\" data-end=\"733\">\n<li data-start=\"616\" data-end=\"663\">\n<p data-start=\"618\" data-end=\"663\">\u0434\u0438\u0432\u0430\u043d\u043e\u0432, \u0443\u0433\u043b\u043e\u0432\u044b\u0445 \u0434\u0438\u0432\u0430\u043d\u043e\u0432, \u043a\u0440\u0435\u0441\u0435\u043b \u0438 \u0441\u0442\u0443\u043b\u044c\u0435\u0432,<\/p>\n<\/li>\n<li data-start=\"664\" data-end=\"677\">\n<p data-start=\"666\" data-end=\"677\">\u043c\u0430\u0442\u0440\u0430\u0441\u043e\u0432,<\/p>\n<\/li>\n<li data-start=\"678\" data-end=\"709\">\n<p data-start=\"680\" data-end=\"709\">\u043a\u043e\u0432\u0440\u043e\u0432 \u0438 \u043a\u043e\u0432\u0440\u043e\u0432\u044b\u0445 \u043f\u043e\u043a\u0440\u044b\u0442\u0438\u0439,<\/p>\n<\/li>\n<li data-start=\"710\" data-end=\"733\">\n<p data-start=\"712\" data-end=\"733\">\u0430\u0432\u0442\u043e\u043c\u043e\u0431\u0438\u043b\u044c\u043d\u043e\u0439 \u043e\u0431\u0438\u0432\u043a\u0438.<\/p>\n<\/li>\n<\/ul>\n<p data-start=\"735\" data-end=\"967\">\u042d\u0442\u043e \u0438\u0434\u0435\u0430\u043b\u044c\u043d\u044b\u0439 \u0432\u0430\u0440\u0438\u0430\u043d\u0442 \u043f\u043e\u0441\u043b\u0435 \u0432\u0435\u0447\u0435\u0440\u0438\u043d\u043a\u0438, \u0434\u043b\u044f \u0441\u0435\u043c\u0435\u0439 \u0441 \u0434\u0435\u0442\u044c\u043c\u0438 \u0438 \u0436\u0438\u0432\u043e\u0442\u043d\u044b\u043c\u0438, \u043f\u0435\u0440\u0435\u0434 \u0441\u0434\u0430\u0447\u0435\u0439 \u043a\u0432\u0430\u0440\u0442\u0438\u0440\u044b \u0438\u043b\u0438 \u043f\u0440\u043e\u0441\u0442\u043e \u043a\u043e\u0433\u0434\u0430 \u0445\u043e\u0447\u0435\u0442\u0441\u044f \u00ab\u043e\u0441\u0432\u0435\u0436\u0438\u0442\u044c\u00bb \u0438\u043d\u0442\u0435\u0440\u044c\u0435\u0440 \u0441\u0432\u043e\u0438\u043c\u0438 \u0441\u0438\u043b\u0430\u043c\u0438. \u0411\u0435\u0440\u0451\u0442\u0435 \u0432 \u0430\u0440\u0435\u043d\u0434\u0443 \u0440\u043e\u0432\u043d\u043e \u043d\u0430 \u0441\u0442\u043e\u043b\u044c\u043a\u043e, \u0441\u043a\u043e\u043b\u044c\u043a\u043e \u043d\u0443\u0436\u043d\u043e \u2014 \u043d\u0430 \u0434\u0435\u043d\u044c, \u0432\u044b\u0445\u043e\u0434\u043d\u044b\u0435 \u0438\u043b\u0438 \u0434\u043e\u043b\u044c\u0448\u0435.<\/p>\n<p data-start=\"969\" data-end=\"1150\" data-is-last-node=\"\" data-is-only-node=\"\">\u0420\u0430\u0431\u043e\u0442\u0430\u0435\u043c \u043b\u043e\u043a\u0430\u043b\u044c\u043d\u043e: <strong data-start=\"988\" data-end=\"1022\">Warszawa Bia\u0142o\u0142\u0119ka \u0438 Tarchomin<\/strong> \u2014 \u0432\u044b\u0434\u0430\u0447\u0430 \u0431\u044b\u0441\u0442\u0440\u0430\u044f \u0438 \u0443\u0434\u043e\u0431\u043d\u0430\u044f. \u0415\u0441\u043b\u0438 \u043d\u0443\u0436\u043d\u043e, \u043f\u043e\u0434\u0441\u043a\u0430\u0436\u0435\u043c, \u043a\u0430\u043a \u043b\u0443\u0447\u0448\u0435 \u043f\u043e\u043b\u044c\u0437\u043e\u0432\u0430\u0442\u044c\u0441\u044f \u0442\u0435\u0445\u043d\u0438\u043a\u043e\u0439, \u0447\u0442\u043e\u0431\u044b \u0440\u0435\u0437\u0443\u043b\u044c\u0442\u0430\u0442 \u0431\u044b\u043b \u0434\u0435\u0439\u0441\u0442\u0432\u0438\u0442\u0435\u043b\u044c\u043d\u043e \u0437\u0430\u043c\u0435\u0442\u043d\u044b\u043c.<\/p>\n","protected":false},"excerpt":{"rendered":"<p>\u0410\u0440\u0435\u043d\u0434\u0430 \u043c\u043e\u044e\u0449\u0435\u0433\u043e \u043f\u044b\u043b\u0435\u0441\u043e\u0441\u0430 Karcher Puzzi 10\/1 \u0432 \u0412\u0430\u0440\u0448\u0430\u0432\u0435 (Bia\u0142o\u0142\u0119ka, Tarchomin) \u2705 \u041c\u043e\u0449\u043d\u043e\u0441\u0442\u044c \u0442\u0443\u0440\u0431\u0438\u043d\u044b: 1250 \u0412\u0442\u2705 \u041c\u043e\u0449\u043d\u043e\u0441\u0442\u044c \u043f\u043e\u043c\u043f\u044b: 40 \u0412\u0442\u2705 \u041d\u0430\u043f\u0440\u044f\u0436\u0435\u043d\u0438\u0435: 220\u2013240 \u0412\u2705 \u0422\u0435\u043e\u0440\u0435\u0442\u0438\u0447\u0435\u0441\u043a\u0430\u044f \u043f\u0440\u043e\u0438\u0437\u0432\u043e\u0434\u0438\u0442\u0435\u043b\u044c\u043d\u043e\u0441\u0442\u044c: 20\u201325 \u043c\u00b2\/\u0447\u2705 \u0411\u0430\u043a \u0447\u0438\u0441\u0442\u043e\u0439 \/ \u0433\u0440\u044f\u0437\u043d\u043e\u0439 \u0432\u043e\u0434\u044b: 10 \/ 9 \u043b\u2705 \u041a\u0430\u0431\u0435\u043b\u044c \u043f\u0438\u0442\u0430\u043d\u0438\u044f: 7,5 \u043c\u2705 \u0414\u043b\u0438\u043d\u0430 \u044d\u043a\u0441\u0442\u0440\u0430\u043a\u0446\u0438\u043e\u043d\u043d\u043e\u0433\u043e \u0448\u043b\u0430\u043d\u0433\u0430: 2,5 \u043c \u0412 \u043a\u043e\u043c\u043f\u043b\u0435\u043a\u0442\u0435 \u2014 \u0449\u0435\u043b\u0435\u0432\u0430\u044f \u043d\u0430\u0441\u0430\u0434\u043a\u0430. \u041d\u0430 \u043c\u0435\u0441\u0442\u0435 \u043c\u043e\u0436\u043d\u043e \u0434\u043e\u043a\u0443\u043f\u0438\u0442\u044c \u043f\u043e\u0440\u043e\u0448\u043e\u043a \u0434\u043b\u044f [&#8230;]\n","protected":false},"featured_media":621,"comment_status":"open","ping_status":"closed","template":"","meta":[],"product_brand":[26],"product_cat":[106],"product_tag":[],"class_list":{"0":"post-628","1":"product","2":"type-product","3":"status-publish","4":"has-post-thumbnail","6":"product_brand-karcher","7":"product_cat-moyushhie-pylesosy","9":"first","10":"instock","11":"sold-individually","12":"taxable","13":"shipping-taxable","14":"purchasable","15":"product-type-booking","16":"add-to-wishlist-before_image"},"yoast_head":"<!-- This site is optimized with the Yoast SEO Premium plugin v26.2 (Yoast SEO v26.9) - https:\/\/yoast.com\/product\/yoast-seo-premium-wordpress\/ -->\n<title>\u0410\u0440\u0435\u043d\u0434\u0430 \u043c\u043e\u044e\u0449\u0435\u0433\u043e \u043f\u044b\u043b\u0435\u0441\u043e\u0441\u0430 Karcher Puzzi 10\/1 - FLEXIRENTAL.PL<\/title>\n<meta name=\"description\" content=\"\u0410\u0440\u0435\u043d\u0434\u0430 \u043c\u043e\u044e\u0449\u0435\u0433\u043e \u043f\u044b\u043b\u0435\u0441\u043e\u0441\u0430 Karcher Puzzi 10\/1 \u0432 \u0412\u0430\u0440\u0448\u0430\u0432\u0435. \u0412 \u043a\u043e\u043c\u043f\u043b\u0435\u043a\u0442\u0435 \u2014 \u0449\u0435\u043b\u0435\u0432\u0430\u044f \u043d\u0430\u0441\u0430\u0434\u043a\u0430. \u041d\u0430 \u043c\u0435\u0441\u0442\u0435 \u043c\u043e\u0436\u043d\u043e \u0434\u043e\u043a\u0443\u043f\u0438\u0442\u044c \u043f\u043e\u0440\u043e\u0448\u043e\u043a \u0434\u043b\u044f \u0447\u0438\u0441\u0442\u043a\u0438 Karcher RM 760.\" \/>\n<meta name=\"robots\" content=\"index, follow, max-snippet:-1, max-image-preview:large, max-video-preview:-1\" \/>\n<link rel=\"canonical\" href=\"https:\/\/flexirental.pl\/ru\/product\/moyushhij-pylesos-karcher-puzzi-10-1\/\" \/>\n<meta property=\"og:locale\" content=\"ru_RU\" \/>\n<meta property=\"og:type\" content=\"article\" \/>\n<meta property=\"og:title\" content=\"\u041c\u043e\u044e\u0449\u0438\u0439 \u043f\u044b\u043b\u0435\u0441\u043e\u0441 Karcher Puzzi 10\/1\" \/>\n<meta property=\"og:description\" content=\"\u0410\u0440\u0435\u043d\u0434\u0430 \u043c\u043e\u044e\u0449\u0435\u0433\u043e \u043f\u044b\u043b\u0435\u0441\u043e\u0441\u0430 Karcher Puzzi 10\/1 \u0432 \u0412\u0430\u0440\u0448\u0430\u0432\u0435. \u0412 \u043a\u043e\u043c\u043f\u043b\u0435\u043a\u0442\u0435 \u2014 \u0449\u0435\u043b\u0435\u0432\u0430\u044f \u043d\u0430\u0441\u0430\u0434\u043a\u0430. \u041d\u0430 \u043c\u0435\u0441\u0442\u0435 \u043c\u043e\u0436\u043d\u043e \u0434\u043e\u043a\u0443\u043f\u0438\u0442\u044c \u043f\u043e\u0440\u043e\u0448\u043e\u043a \u0434\u043b\u044f \u0447\u0438\u0441\u0442\u043a\u0438 Karcher RM 760.\" \/>\n<meta property=\"og:url\" content=\"https:\/\/flexirental.pl\/ru\/product\/moyushhij-pylesos-karcher-puzzi-10-1\/\" \/>\n<meta property=\"og:site_name\" content=\"FLEXIRENTAL.PL\" \/>\n<meta property=\"article:modified_time\" content=\"2026-03-22T14:25:51+00:00\" \/>\n<meta property=\"og:image\" content=\"https:\/\/flexirental.pl\/wp-content\/uploads\/2025\/12\/puzz1.jpg\" \/>\n\t<meta property=\"og:image:width\" content=\"1000\" \/>\n\t<meta property=\"og:image:height\" content=\"1000\" \/>\n\t<meta property=\"og:image:type\" content=\"image\/jpeg\" \/>\n<meta name=\"twitter:card\" content=\"summary_large_image\" \/>\n<meta name=\"twitter:label1\" content=\"\u0426\u0435\u043d\u0430\" \/>\n\t<meta name=\"twitter:data1\" content=\"60,00&nbsp;&#122;&#322;48,78&nbsp;&#122;&#322;\" \/>\n\t<meta name=\"twitter:label2\" content=\"\u0414\u043e\u0441\u0442\u0443\u043f\u043d\u043e\u0441\u0442\u044c\" \/>\n\t<meta name=\"twitter:data2\" content=\"\u0412 \u043d\u0430\u043b\u0438\u0447\u0438\u0438\" \/>\n<script type=\"application\/ld+json\" class=\"yoast-schema-graph\">{\"@context\":\"https:\/\/schema.org\",\"@graph\":[{\"@type\":\"WebPage\",\"@id\":\"https:\/\/flexirental.pl\/ru\/product\/moyushhij-pylesos-karcher-puzzi-10-1\/\",\"url\":\"https:\/\/flexirental.pl\/ru\/product\/moyushhij-pylesos-karcher-puzzi-10-1\/\",\"name\":\"\u0410\u0440\u0435\u043d\u0434\u0430 \u043c\u043e\u044e\u0449\u0435\u0433\u043e \u043f\u044b\u043b\u0435\u0441\u043e\u0441\u0430 Karcher Puzzi 10\/1 - FLEXIRENTAL.PL\",\"isPartOf\":{\"@id\":\"https:\/\/flexirental.pl\/#website\"},\"primaryImageOfPage\":{\"@id\":\"https:\/\/flexirental.pl\/ru\/product\/moyushhij-pylesos-karcher-puzzi-10-1\/#primaryimage\"},\"image\":{\"@id\":\"https:\/\/flexirental.pl\/ru\/product\/moyushhij-pylesos-karcher-puzzi-10-1\/#primaryimage\"},\"thumbnailUrl\":\"https:\/\/flexirental.pl\/wp-content\/uploads\/2025\/12\/puzz1.jpg\",\"datePublished\":\"2025-12-29T10:36:17+00:00\",\"dateModified\":\"2026-03-22T14:25:51+00:00\",\"description\":\"\u0410\u0440\u0435\u043d\u0434\u0430 \u043c\u043e\u044e\u0449\u0435\u0433\u043e \u043f\u044b\u043b\u0435\u0441\u043e\u0441\u0430 Karcher Puzzi 10\/1 \u0432 \u0412\u0430\u0440\u0448\u0430\u0432\u0435. \u0412 \u043a\u043e\u043c\u043f\u043b\u0435\u043a\u0442\u0435 \u2014 \u0449\u0435\u043b\u0435\u0432\u0430\u044f \u043d\u0430\u0441\u0430\u0434\u043a\u0430. \u041d\u0430 \u043c\u0435\u0441\u0442\u0435 \u043c\u043e\u0436\u043d\u043e \u0434\u043e\u043a\u0443\u043f\u0438\u0442\u044c \u043f\u043e\u0440\u043e\u0448\u043e\u043a \u0434\u043b\u044f \u0447\u0438\u0441\u0442\u043a\u0438 Karcher RM 760.\",\"breadcrumb\":{\"@id\":\"https:\/\/flexirental.pl\/ru\/product\/moyushhij-pylesos-karcher-puzzi-10-1\/#breadcrumb\"},\"inLanguage\":\"ru-RU\",\"potentialAction\":[{\"@type\":\"ReadAction\",\"target\":[\"https:\/\/flexirental.pl\/ru\/product\/moyushhij-pylesos-karcher-puzzi-10-1\/\"]}]},{\"@type\":\"ImageObject\",\"inLanguage\":\"ru-RU\",\"@id\":\"https:\/\/flexirental.pl\/ru\/product\/moyushhij-pylesos-karcher-puzzi-10-1\/#primaryimage\",\"url\":\"https:\/\/flexirental.pl\/wp-content\/uploads\/2025\/12\/puzz1.jpg\",\"contentUrl\":\"https:\/\/flexirental.pl\/wp-content\/uploads\/2025\/12\/puzz1.jpg\",\"width\":1000,\"height\":1000,\"caption\":\"Wynajem odkurzacza pior\u0105cego Karcher Puzzi 10\/1 w Warszawie (Bia\u0142o\u0142\u0119ka, Tarchomin)\"},{\"@type\":\"BreadcrumbList\",\"@id\":\"https:\/\/flexirental.pl\/ru\/product\/moyushhij-pylesos-karcher-puzzi-10-1\/#breadcrumb\",\"itemListElement\":[{\"@type\":\"ListItem\",\"position\":1,\"name\":\"Strona g\u0142\u00f3wna\",\"item\":\"https:\/\/flexirental.pl\/ru\/\"},{\"@type\":\"ListItem\",\"position\":2,\"name\":\"\u041c\u0430\u0433\u0430\u0437\u0438\u043d\",\"item\":\"https:\/\/flexirental.pl\/ru\/\"},{\"@type\":\"ListItem\",\"position\":3,\"name\":\"\u041c\u043e\u044e\u0449\u0438\u0439 \u043f\u044b\u043b\u0435\u0441\u043e\u0441 Karcher Puzzi 10\/1\"}]},{\"@type\":\"WebSite\",\"@id\":\"https:\/\/flexirental.pl\/#website\",\"url\":\"https:\/\/flexirental.pl\/\",\"name\":\"FLEXIRENTAL.PL\",\"description\":\"FlexiRental \u2013 \u043e\u0431\u043e\u0440\u0443\u0434\u043e\u0432\u0430\u043d\u0438\u0435, \u043a\u043e\u0442\u043e\u0440\u043e\u0435 \u0440\u0430\u0431\u043e\u0442\u0430\u0435\u0442 \u0434\u043b\u044f \u0442\u0435\u0431\u044f\",\"potentialAction\":[{\"@type\":\"SearchAction\",\"target\":{\"@type\":\"EntryPoint\",\"urlTemplate\":\"https:\/\/flexirental.pl\/?s={search_term_string}\"},\"query-input\":{\"@type\":\"PropertyValueSpecification\",\"valueRequired\":true,\"valueName\":\"search_term_string\"}}],\"inLanguage\":\"ru-RU\"}]}<\/script>\n<meta property=\"product:price:amount\" content=\"60.00\" \/>\n<meta property=\"product:price:currency\" content=\"PLN\" \/>\n<meta property=\"og:availability\" content=\"instock\" \/>\n<meta property=\"product:availability\" content=\"instock\" \/>\n<meta property=\"product:condition\" content=\"new\" \/>\n<!-- \/ Yoast SEO Premium plugin. -->","yoast_head_json":{"title":"\u0410\u0440\u0435\u043d\u0434\u0430 \u043c\u043e\u044e\u0449\u0435\u0433\u043e \u043f\u044b\u043b\u0435\u0441\u043e\u0441\u0430 Karcher Puzzi 10\/1 - FLEXIRENTAL.PL","description":"\u0410\u0440\u0435\u043d\u0434\u0430 \u043c\u043e\u044e\u0449\u0435\u0433\u043e \u043f\u044b\u043b\u0435\u0441\u043e\u0441\u0430 Karcher Puzzi 10\/1 \u0432 \u0412\u0430\u0440\u0448\u0430\u0432\u0435. \u0412 \u043a\u043e\u043c\u043f\u043b\u0435\u043a\u0442\u0435 \u2014 \u0449\u0435\u043b\u0435\u0432\u0430\u044f \u043d\u0430\u0441\u0430\u0434\u043a\u0430. \u041d\u0430 \u043c\u0435\u0441\u0442\u0435 \u043c\u043e\u0436\u043d\u043e \u0434\u043e\u043a\u0443\u043f\u0438\u0442\u044c \u043f\u043e\u0440\u043e\u0448\u043e\u043a \u0434\u043b\u044f \u0447\u0438\u0441\u0442\u043a\u0438 Karcher RM 760.","robots":{"index":"index","follow":"follow","max-snippet":"max-snippet:-1","max-image-preview":"max-image-preview:large","max-video-preview":"max-video-preview:-1"},"canonical":"https:\/\/flexirental.pl\/ru\/product\/moyushhij-pylesos-karcher-puzzi-10-1\/","og_locale":"ru_RU","og_type":"article","og_title":"\u041c\u043e\u044e\u0449\u0438\u0439 \u043f\u044b\u043b\u0435\u0441\u043e\u0441 Karcher Puzzi 10\/1","og_description":"\u0410\u0440\u0435\u043d\u0434\u0430 \u043c\u043e\u044e\u0449\u0435\u0433\u043e \u043f\u044b\u043b\u0435\u0441\u043e\u0441\u0430 Karcher Puzzi 10\/1 \u0432 \u0412\u0430\u0440\u0448\u0430\u0432\u0435. \u0412 \u043a\u043e\u043c\u043f\u043b\u0435\u043a\u0442\u0435 \u2014 \u0449\u0435\u043b\u0435\u0432\u0430\u044f \u043d\u0430\u0441\u0430\u0434\u043a\u0430. \u041d\u0430 \u043c\u0435\u0441\u0442\u0435 \u043c\u043e\u0436\u043d\u043e \u0434\u043e\u043a\u0443\u043f\u0438\u0442\u044c \u043f\u043e\u0440\u043e\u0448\u043e\u043a \u0434\u043b\u044f \u0447\u0438\u0441\u0442\u043a\u0438 Karcher RM 760.","og_url":"https:\/\/flexirental.pl\/ru\/product\/moyushhij-pylesos-karcher-puzzi-10-1\/","og_site_name":"FLEXIRENTAL.PL","article_modified_time":"2026-03-22T14:25:51+00:00","og_image":[{"width":1000,"height":1000,"url":"https:\/\/flexirental.pl\/wp-content\/uploads\/2025\/12\/puzz1.jpg","type":"image\/jpeg"}],"twitter_card":"summary_large_image","twitter_misc":{"\u0426\u0435\u043d\u0430":"60,00&nbsp;&#122;&#322;48,78&nbsp;&#122;&#322;","\u0414\u043e\u0441\u0442\u0443\u043f\u043d\u043e\u0441\u0442\u044c":"\u0412 \u043d\u0430\u043b\u0438\u0447\u0438\u0438"},"schema":{"@context":"https:\/\/schema.org","@graph":[{"@type":"WebPage","@id":"https:\/\/flexirental.pl\/ru\/product\/moyushhij-pylesos-karcher-puzzi-10-1\/","url":"https:\/\/flexirental.pl\/ru\/product\/moyushhij-pylesos-karcher-puzzi-10-1\/","name":"\u0410\u0440\u0435\u043d\u0434\u0430 \u043c\u043e\u044e\u0449\u0435\u0433\u043e \u043f\u044b\u043b\u0435\u0441\u043e\u0441\u0430 Karcher Puzzi 10\/1 - FLEXIRENTAL.PL","isPartOf":{"@id":"https:\/\/flexirental.pl\/#website"},"primaryImageOfPage":{"@id":"https:\/\/flexirental.pl\/ru\/product\/moyushhij-pylesos-karcher-puzzi-10-1\/#primaryimage"},"image":{"@id":"https:\/\/flexirental.pl\/ru\/product\/moyushhij-pylesos-karcher-puzzi-10-1\/#primaryimage"},"thumbnailUrl":"https:\/\/flexirental.pl\/wp-content\/uploads\/2025\/12\/puzz1.jpg","datePublished":"2025-12-29T10:36:17+00:00","dateModified":"2026-03-22T14:25:51+00:00","description":"\u0410\u0440\u0435\u043d\u0434\u0430 \u043c\u043e\u044e\u0449\u0435\u0433\u043e \u043f\u044b\u043b\u0435\u0441\u043e\u0441\u0430 Karcher Puzzi 10\/1 \u0432 \u0412\u0430\u0440\u0448\u0430\u0432\u0435. \u0412 \u043a\u043e\u043c\u043f\u043b\u0435\u043a\u0442\u0435 \u2014 \u0449\u0435\u043b\u0435\u0432\u0430\u044f \u043d\u0430\u0441\u0430\u0434\u043a\u0430. \u041d\u0430 \u043c\u0435\u0441\u0442\u0435 \u043c\u043e\u0436\u043d\u043e \u0434\u043e\u043a\u0443\u043f\u0438\u0442\u044c \u043f\u043e\u0440\u043e\u0448\u043e\u043a \u0434\u043b\u044f \u0447\u0438\u0441\u0442\u043a\u0438 Karcher RM 760.","breadcrumb":{"@id":"https:\/\/flexirental.pl\/ru\/product\/moyushhij-pylesos-karcher-puzzi-10-1\/#breadcrumb"},"inLanguage":"ru-RU","potentialAction":[{"@type":"ReadAction","target":["https:\/\/flexirental.pl\/ru\/product\/moyushhij-pylesos-karcher-puzzi-10-1\/"]}]},{"@type":"ImageObject","inLanguage":"ru-RU","@id":"https:\/\/flexirental.pl\/ru\/product\/moyushhij-pylesos-karcher-puzzi-10-1\/#primaryimage","url":"https:\/\/flexirental.pl\/wp-content\/uploads\/2025\/12\/puzz1.jpg","contentUrl":"https:\/\/flexirental.pl\/wp-content\/uploads\/2025\/12\/puzz1.jpg","width":1000,"height":1000,"caption":"Wynajem odkurzacza pior\u0105cego Karcher Puzzi 10\/1 w Warszawie (Bia\u0142o\u0142\u0119ka, Tarchomin)"},{"@type":"BreadcrumbList","@id":"https:\/\/flexirental.pl\/ru\/product\/moyushhij-pylesos-karcher-puzzi-10-1\/#breadcrumb","itemListElement":[{"@type":"ListItem","position":1,"name":"Strona g\u0142\u00f3wna","item":"https:\/\/flexirental.pl\/ru\/"},{"@type":"ListItem","position":2,"name":"\u041c\u0430\u0433\u0430\u0437\u0438\u043d","item":"https:\/\/flexirental.pl\/ru\/"},{"@type":"ListItem","position":3,"name":"\u041c\u043e\u044e\u0449\u0438\u0439 \u043f\u044b\u043b\u0435\u0441\u043e\u0441 Karcher Puzzi 10\/1"}]},{"@type":"WebSite","@id":"https:\/\/flexirental.pl\/#website","url":"https:\/\/flexirental.pl\/","name":"FLEXIRENTAL.PL","description":"FlexiRental \u2013 \u043e\u0431\u043e\u0440\u0443\u0434\u043e\u0432\u0430\u043d\u0438\u0435, \u043a\u043e\u0442\u043e\u0440\u043e\u0435 \u0440\u0430\u0431\u043e\u0442\u0430\u0435\u0442 \u0434\u043b\u044f \u0442\u0435\u0431\u044f","potentialAction":[{"@type":"SearchAction","target":{"@type":"EntryPoint","urlTemplate":"https:\/\/flexirental.pl\/?s={search_term_string}"},"query-input":{"@type":"PropertyValueSpecification","valueRequired":true,"valueName":"search_term_string"}}],"inLanguage":"ru-RU"}]},"product_price_amount":"60.00","product_price_currency":"PLN","og_availability":"instock","product_availability":"instock","product_condition":"new"},"_links":{"self":[{"href":"https:\/\/flexirental.pl\/ru\/wp-json\/wp\/v2\/product\/628","targetHints":{"allow":["GET"]}}],"collection":[{"href":"https:\/\/flexirental.pl\/ru\/wp-json\/wp\/v2\/product"}],"about":[{"href":"https:\/\/flexirental.pl\/ru\/wp-json\/wp\/v2\/types\/product"}],"replies":[{"embeddable":true,"href":"https:\/\/flexirental.pl\/ru\/wp-json\/wp\/v2\/comments?post=628"}],"wp:featuredmedia":[{"embeddable":true,"href":"https:\/\/flexirental.pl\/ru\/wp-json\/wp\/v2\/media\/621"}],"wp:attachment":[{"href":"https:\/\/flexirental.pl\/ru\/wp-json\/wp\/v2\/media?parent=628"}],"wp:term":[{"taxonomy":"product_brand","embeddable":true,"href":"https:\/\/flexirental.pl\/ru\/wp-json\/wp\/v2\/product_brand?post=628"},{"taxonomy":"product_cat","embeddable":true,"href":"https:\/\/flexirental.pl\/ru\/wp-json\/wp\/v2\/product_cat?post=628"},{"taxonomy":"product_tag","embeddable":true,"href":"https:\/\/flexirental.pl\/ru\/wp-json\/wp\/v2\/product_tag?post=628"}],"curies":[{"name":"wp","href":"https:\/\/api.w.org\/{rel}","templated":true}]}}